{"id":925,"date":"2020-06-13T23:38:08","date_gmt":"2020-06-13T23:38:08","guid":{"rendered":"https:\/\/zazilartesanal.com\/?post_type=product&amp;p=925"},"modified":"2020-06-13T23:38:08","modified_gmt":"2020-06-13T23:38:08","slug":"bergamota-15ml","status":"publish","type":"product","link":"https:\/\/zazilartesanal.com\/es\/product\/bergamota-15ml\/","title":{"rendered":"Bergamota 15ml"},"content":{"rendered":"","protected":false},"excerpt":{"rendered":"<div>\n<p class=\"wiwa\">La producci\u00f3n de esta especie est\u00e1 limitada a la regi\u00f3n costera de la provincia de Calabria en Italia, de tal modo que es un s\u00edmbolo de toda la regi\u00f3n. La mayor\u00eda de la bergamota procede de una peque\u00f1a zona donde la temperatura es \u00f3ptima para esta especie. En ninguna otra parte del mundo produce frutos de la misma calidad y con rendimientos parecidos. Tambi\u00e9n se cultiva en Argentina, Brasil y el estado norteamericano de Georgia, pero la calidad de las esencias obtenidas en estos lugares no es comparable con la que producen las bergamotas de Reggio Calabria, esto es debido a la argilita, caliza y dep\u00f3sitos aluviales que se encuentran en los terrenos de la zona. Tambi\u00e9n se cultiva en la regi\u00f3n de Mersin en Turqu\u00eda, donde se utiliza especialmente en alimentaci\u00f3n.<br \/>\nLa bergamota era uno de los componentes originales usados en el Eau de Cologne que se desarroll\u00f3 en Alemania en el siglo XVII. En 1704 la bergamota se us\u00f3 por primera vez para hacer el ahora famoso perfume Eau de Toilette sacando la pulpa de la bergamota y apretando la piel contra esponjas. Unos cien frutos de bergamota producen alrededor de 85 gramos de aceite esencial.<\/p>\n<div class=\"wop\">\n<p class=\"designerStyleId\">C\u00f3digo Producto: <span class=\"bols\" style=\"font-weight: bold;\">4005-15<\/span><\/p>\n<\/div>\n<\/div>\n<dl class=\"p7\">\n<dt class=\"q1\">PAIS DE ORIGEN:<\/dt>\n<dd class=\"q2\">Calabria, Italia<\/dd>\n<dt class=\"q3\">PARTE DE LA PLANTA:<\/dt>\n<dd class=\"q4\">C\u00e1scara del Fruto<\/dd>\n<dt class=\"q5\">METODO DE EXTRACCION:<\/dt>\n<dd class=\"q6\">Primera Presi\u00f3n en Fr\u00edo<\/dd>\n<dt class=\"q7\">AROMA:<\/dt>\n<dd class=\"q8\">El aroma es b\u00e1sicamente c\u00edtrico pero afrutado y dulce con una c\u00e1lida cualidad floral espaciada que recuerda al neroli, dando una nota de intensidad media<\/dd>\n<dt class=\"q9\">MEJORES MEZCLAS:<\/dt>\n<dd class=\"q10\">Pimienta Negra, Salvia, Cipr\u00e9s, Incienso, Geranio, Jazm\u00edn, Mandarina, Naranja, Romero, S\u00e1ndalo, Vetiver e Ylang-Ylang<\/dd>\n<dt class=\"q11\">CONTENIDO:<\/dt>\n<dd class=\"q12\">15 Mililitros<\/dd>\n<dt class=\"q13\">BOTELLA:<\/dt>\n<dd class=\"q14\">Dise\u00f1adas y fabricadas en Holanda con vidrio biodegradable. Su color Violeta evita que el producto se da\u00f1e por los efectos da\u00f1inos del sol.<\/dd>\n<\/dl>\n<p><a href=\"https:\/\/zazilartesanal.com\/wp-content\/uploads\/2024\/08\/Zazil-A.Esencial-Bergamota.pdf\"\ndownload >  <\/p>\n<p><button type=\"button\" name=\"myButton\">Descarga la Ficha T\u00e9cnica<\/button>  <\/p>\n<style>\n\t\tbutton {\n\t\t\tcolor: #ffffff;\n\t\t\tbackground-color: #000000;\n\t\t\tfont-size: 14px;\n\t\t\tborder-radius: 1px;\n\t\t\tpadding: 8px 12px;\n\t\t\tcursor: pointer\n\t\t}\n\t\tbutton:hover {\n\t\t\tcolor: #000000;\n\t\t\tbackground-color: #e5e5e5;\n\t\t}\n\t<\/style>\n<p><\/a><br \/>\n&nbsp;<\/p>\n","protected":false},"featured_media":2265,"comment_status":"closed","ping_status":"closed","template":"","meta":[],"product_brand":[],"product_cat":[145],"product_tag":[],"class_list":{"0":"post-925","1":"product","2":"type-product","3":"status-publish","4":"has-post-thumbnail","6":"product_cat-aceites-esenciales","8":"first","9":"instock","10":"taxable","11":"shipping-taxable","12":"purchasable","13":"product-type-simple"},"_links":{"self":[{"href":"https:\/\/zazilartesanal.com\/es\/wp-json\/wp\/v2\/product\/925","targetHints":{"allow":["GET"]}}],"collection":[{"href":"https:\/\/zazilartesanal.com\/es\/wp-json\/wp\/v2\/product"}],"about":[{"href":"https:\/\/zazilartesanal.com\/es\/wp-json\/wp\/v2\/types\/product"}],"replies":[{"embeddable":true,"href":"https:\/\/zazilartesanal.com\/es\/wp-json\/wp\/v2\/comments?post=925"}],"wp:featuredmedia":[{"embeddable":true,"href":"https:\/\/zazilartesanal.com\/es\/wp-json\/wp\/v2\/media\/2265"}],"wp:attachment":[{"href":"https:\/\/zazilartesanal.com\/es\/wp-json\/wp\/v2\/media?parent=925"}],"wp:term":[{"taxonomy":"product_brand","embeddable":true,"href":"https:\/\/zazilartesanal.com\/es\/wp-json\/wp\/v2\/product_brand?post=925"},{"taxonomy":"product_cat","embeddable":true,"href":"https:\/\/zazilartesanal.com\/es\/wp-json\/wp\/v2\/product_cat?post=925"},{"taxonomy":"product_tag","embeddable":true,"href":"https:\/\/zazilartesanal.com\/es\/wp-json\/wp\/v2\/product_tag?post=925"}],"curies":[{"name":"wp","href":"https:\/\/api.w.org\/{rel}","templated":true}]}}