{"id":2321,"date":"2024-08-08T14:57:10","date_gmt":"2024-08-08T14:57:10","guid":{"rendered":"https:\/\/zazilartesanal.com\/?post_type=product&amp;p=2321"},"modified":"2024-08-08T14:57:10","modified_gmt":"2024-08-08T14:57:10","slug":"naranja-amarga-15ml","status":"publish","type":"product","link":"https:\/\/zazilartesanal.com\/es\/product\/naranja-amarga-15ml\/","title":{"rendered":"Naranja Amarga 15ml"},"content":{"rendered":"","protected":false},"excerpt":{"rendered":"<div>\n<p class=\"wiwa\">El naranjo es un arbusto procedente de las zonas c\u00e1lidas de China. La naranja amarga es mucho m\u00e1s ancha en forma de coraz\u00f3n. Fueron los \u00e1rabes qui\u00e9nes llevaron naranjos al Mediterr\u00e1neo por primera vez. Los \u00e1rabes se afianzaron en el siglo VIII en toda Espa\u00f1a, y extendieron su cultivo en amplias zonas del sur del pa\u00eds como Valencia, Murcia, Sevilla. Tambi\u00e9n llevaron su cultivo a Sicilia. Crist\u00f3bal Col\u00f3n lo llev\u00f3 a Am\u00e9rica, donde el cultivo naranjal se instaur\u00f3 en Florida y California. A partir del siglo XVIII se generaliza el comercio de la naranja, hasta entonces considerada como un fruto muy caro.<\/p>\n<div class=\"wop\">\n<p class=\"designerStyleId\">C\u00f3digo Producto: <span class=\"bols\" style=\"font-weight: bold;\">4045-15<\/span><\/p>\n<\/div>\n<\/div>\n<dl class=\"p7\">\n<dt class=\"q1\">PAIS DE ORIGEN:<\/dt>\n<dd class=\"q2\">Sicilia, Italia<\/dd>\n<dt class=\"q3\">PARTE DE LA PLANTA:<\/dt>\n<dd class=\"q4\">C\u00e1scara del Fruto<\/dd>\n<dt class=\"q5\">METODO DE EXTRACCION:<\/dt>\n<dd class=\"q6\">Primera Presi\u00f3n en Fr\u00edo<\/dd>\n<dt class=\"q7\">AROMA:<\/dt>\n<dd class=\"q8\">Una nota de cabeza con un aroma medio, el aceite esencial de naranja tiene un olor dulce y c\u00edtrico como las c\u00e1scaras de naranja de las que se deriva, con algunas notas amargas similares a la toronja<\/dd>\n<dt class=\"q9\">MEJORES MEZCLAS:<\/dt>\n<dd class=\"q10\">Lavanda, Bergamota, Lim\u00f3n, Salvia, Mirra, S\u00e1ndalo, Nuez Moscada, Canela y Clavo<\/dd>\n<dt class=\"q11\">CONTENIDO:<\/dt>\n<dd class=\"q12\">15 Mililitros<\/dd>\n<dt class=\"q13\">BOTELLA:<\/dt>\n<dd class=\"q14\">Dise\u00f1adas y fabricadas en Holanda con vidrio biodegradable. Su color Violeta evita que el producto se da\u00f1e por los efectos da\u00f1inos del sol.<\/dd>\n<p><a href=\"https:\/\/zazilartesanal.com\/wp-content\/uploads\/2024\/08\/Zazil-A.Esencial-Naranja.pdf\"\ndownload >  <\/p>\n<p><button type=\"button\" name=\"myButton\">Descarga la Ficha T\u00e9cnica<\/button>  <\/p>\n<style>\n\t\tbutton {\n\t\t\tcolor: #ffffff;\n\t\t\tbackground-color: #000000;\n\t\t\tfont-size: 14px;\n\t\t\tborder-radius: 1px;\n\t\t\tpadding: 8px 12px;\n\t\t\tcursor: pointer\n\t\t}\n\t\tbutton:hover {\n\t\t\tcolor: #000000;\n\t\t\tbackground-color: #e5e5e5;\n\t\t}\n\t<\/style>\n<p><\/a><br \/>\n&nbsp;\n<\/dl>\n","protected":false},"featured_media":2289,"comment_status":"closed","ping_status":"closed","template":"","meta":[],"product_brand":[],"product_cat":[145],"product_tag":[],"class_list":{"0":"post-2321","1":"product","2":"type-product","3":"status-publish","4":"has-post-thumbnail","6":"product_cat-aceites-esenciales","8":"first","9":"instock","10":"taxable","11":"shipping-taxable","12":"purchasable","13":"product-type-simple"},"_links":{"self":[{"href":"https:\/\/zazilartesanal.com\/es\/wp-json\/wp\/v2\/product\/2321","targetHints":{"allow":["GET"]}}],"collection":[{"href":"https:\/\/zazilartesanal.com\/es\/wp-json\/wp\/v2\/product"}],"about":[{"href":"https:\/\/zazilartesanal.com\/es\/wp-json\/wp\/v2\/types\/product"}],"replies":[{"embeddable":true,"href":"https:\/\/zazilartesanal.com\/es\/wp-json\/wp\/v2\/comments?post=2321"}],"wp:featuredmedia":[{"embeddable":true,"href":"https:\/\/zazilartesanal.com\/es\/wp-json\/wp\/v2\/media\/2289"}],"wp:attachment":[{"href":"https:\/\/zazilartesanal.com\/es\/wp-json\/wp\/v2\/media?parent=2321"}],"wp:term":[{"taxonomy":"product_brand","embeddable":true,"href":"https:\/\/zazilartesanal.com\/es\/wp-json\/wp\/v2\/product_brand?post=2321"},{"taxonomy":"product_cat","embeddable":true,"href":"https:\/\/zazilartesanal.com\/es\/wp-json\/wp\/v2\/product_cat?post=2321"},{"taxonomy":"product_tag","embeddable":true,"href":"https:\/\/zazilartesanal.com\/es\/wp-json\/wp\/v2\/product_tag?post=2321"}],"curies":[{"name":"wp","href":"https:\/\/api.w.org\/{rel}","templated":true}]}}