{"id":2320,"date":"2024-08-08T14:45:13","date_gmt":"2024-08-08T14:45:13","guid":{"rendered":"https:\/\/zazilartesanal.com\/?post_type=product&amp;p=2320"},"modified":"2024-08-08T14:45:13","modified_gmt":"2024-08-08T14:45:13","slug":"mirra-oleoresina","status":"publish","type":"product","link":"https:\/\/zazilartesanal.com\/es\/product\/mirra-oleoresina\/","title":{"rendered":"Mirra Oleoresina 15ml"},"content":{"rendered":"","protected":false},"excerpt":{"rendered":"<div>\n<p class=\"wiwa\">Aunque clasificada como un arbusto, la mirra puede crecer hasta 10 metros de altura. El tronco exuda una resina oleosa natural que se endurece en lo que se clasifica como \u201cl\u00e1grimas\u201d de color marr\u00f3n rojizo. Los recolectores locales hacen incisiones en los \u00e1rboles para aumentar el rendimiento. Luego se limpia y se procesa mediante extracci\u00f3n con solventes para producir el aceite espeso y resinoso. Llamado mo yao en China, se ha utilizado desde al menos el a\u00f1o 600 ac. Se utiliz\u00f3 para embalsamamiento y fumigaci\u00f3n en el Antiguo Egipto, y se ha utilizado durante siglos como ingrediente en incienso y perfume.<\/p>\n<div class=\"wop\">\n<p class=\"designerStyleId\">C\u00f3digo Producto: <span class=\"bols\" style=\"font-weight: bold;\">4043-15<\/span><\/p>\n<\/div>\n<\/div>\n<dl class=\"p7\">\n<dt class=\"q1\">PAIS DE ORIGEN:<\/dt>\n<dd class=\"q2\">India<\/dd>\n<dt class=\"q3\">PARTE DE LA PLANTA:<\/dt>\n<dd class=\"q4\">Resina<\/dd>\n<dt class=\"q5\">METODO DE EXTRACCION:<\/dt>\n<dd class=\"q6\">Extracci\u00f3n por solvente usando Benzoato de Bencilo<\/dd>\n<dt class=\"q7\">AROMA:<\/dt>\n<dd class=\"q8\">Una nota de cabeza con un aroma fuerte, la menta tiene un aroma fuerte y penetrante basado en su alto contenido de mentol. La dulzura mentolada del vapor lo convierte en uno de los aceites esenciales m\u00e1s populares<\/dd>\n<dt class=\"q9\">MEJORES MEZCLAS:<\/dt>\n<dd class=\"q10\">Incienso, Lavanda, Palmarosa, Pachul\u00ed, Rosa, Palo de Rosa, S\u00e1ndalo, \u00c1rbol de T\u00e9 y Tomillo<\/dd>\n<dt class=\"q11\">CONTENIDO:<\/dt>\n<dd class=\"q12\">15 Mililitros<\/dd>\n<dt class=\"q13\">BOTELLA:<\/dt>\n<dd class=\"q14\">Dise\u00f1adas y fabricadas en Holanda con vidrio biodegradable. Su color Violeta evita que el producto se da\u00f1e por los efectos da\u00f1inos del sol.<\/dd>\n<\/dl>\n<p><a href=\"https:\/\/zazilartesanal.com\/wp-content\/uploads\/2024\/08\/Zazil-A.Esencial-Mirra.pdf\"\ndownload >  <\/p>\n<p><button type=\"button\" name=\"myButton\">Descarga la Ficha T\u00e9cnica<\/button>  <\/p>\n<style>\n\t\tbutton {\n\t\t\tcolor: #ffffff;\n\t\t\tbackground-color: #000000;\n\t\t\tfont-size: 14px;\n\t\t\tborder-radius: 1px;\n\t\t\tpadding: 8px 12px;\n\t\t\tcursor: pointer\n\t\t}\n\t\tbutton:hover {\n\t\t\tcolor: #000000;\n\t\t\tbackground-color: #e5e5e5;\n\t\t}\n\t<\/style>\n<p><\/a><br \/>\n&nbsp;<\/p>\n","protected":false},"featured_media":2286,"comment_status":"closed","ping_status":"closed","template":"","meta":[],"product_brand":[],"product_cat":[145],"product_tag":[],"class_list":{"0":"post-2320","1":"product","2":"type-product","3":"status-publish","4":"has-post-thumbnail","6":"product_cat-aceites-esenciales","8":"first","9":"instock","10":"taxable","11":"shipping-taxable","12":"purchasable","13":"product-type-simple"},"_links":{"self":[{"href":"https:\/\/zazilartesanal.com\/es\/wp-json\/wp\/v2\/product\/2320","targetHints":{"allow":["GET"]}}],"collection":[{"href":"https:\/\/zazilartesanal.com\/es\/wp-json\/wp\/v2\/product"}],"about":[{"href":"https:\/\/zazilartesanal.com\/es\/wp-json\/wp\/v2\/types\/product"}],"replies":[{"embeddable":true,"href":"https:\/\/zazilartesanal.com\/es\/wp-json\/wp\/v2\/comments?post=2320"}],"wp:featuredmedia":[{"embeddable":true,"href":"https:\/\/zazilartesanal.com\/es\/wp-json\/wp\/v2\/media\/2286"}],"wp:attachment":[{"href":"https:\/\/zazilartesanal.com\/es\/wp-json\/wp\/v2\/media?parent=2320"}],"wp:term":[{"taxonomy":"product_brand","embeddable":true,"href":"https:\/\/zazilartesanal.com\/es\/wp-json\/wp\/v2\/product_brand?post=2320"},{"taxonomy":"product_cat","embeddable":true,"href":"https:\/\/zazilartesanal.com\/es\/wp-json\/wp\/v2\/product_cat?post=2320"},{"taxonomy":"product_tag","embeddable":true,"href":"https:\/\/zazilartesanal.com\/es\/wp-json\/wp\/v2\/product_tag?post=2320"}],"curies":[{"name":"wp","href":"https:\/\/api.w.org\/{rel}","templated":true}]}}