{"id":2319,"date":"2024-08-08T14:33:35","date_gmt":"2024-08-08T14:33:35","guid":{"rendered":"https:\/\/zazilartesanal.com\/?post_type=product&amp;p=2319"},"modified":"2024-08-08T14:33:35","modified_gmt":"2024-08-08T14:33:35","slug":"menta-japonesa-15ml","status":"publish","type":"product","link":"https:\/\/zazilartesanal.com\/es\/product\/menta-japonesa-15ml\/","title":{"rendered":"Menta Japonesa 15ml"},"content":{"rendered":"","protected":false},"excerpt":{"rendered":"<div>\n<p class=\"wiwa\">Tambi\u00e9n conocida como Corn Mint, hay varias especies de Mentha Arvensis, una hierba perenne que puede crecer hasta 1 metro de altura. Tiene hojas con bordes dentados y flores moradas puntiagudas y se propaga a trav\u00e9s de sus estolones subterr\u00e1neos. Es una de las hierbas medicinales documentadas m\u00e1s antiguas. La menta japonesa es conocida por su alto contenido de mentol y, a veces, se forman cristales de mentol justo en las hojas. El nombre de menta tiene sus ra\u00edces en la mitolog\u00eda griega. Hades, dios de los muertos, persigui\u00f3 a la bella ninfa Minthe. La esposa de Hades, Pers\u00e9fone, se puso celosa y convirti\u00f3 a Minthe en una peque\u00f1a e insignificante planta para ser pisoteada. Plut\u00f3n no pudo deshacer la transformaci\u00f3n, pero se asegur\u00f3 de que Minthe siempre fuera amada por su fragante aroma.<\/p>\n<div class=\"wop\">\n<p class=\"designerStyleId\">C\u00f3digo Producto: <span class=\"bols\" style=\"font-weight: bold;\">4041-15<\/span><\/p>\n<\/div>\n<\/div>\n<dl class=\"p7\">\n<dt class=\"q1\">PAIS DE ORIGEN:<\/dt>\n<dd class=\"q2\">India<\/dd>\n<dt class=\"q3\">PARTE DE LA PLANTA:<\/dt>\n<dd class=\"q4\">Hierba<\/dd>\n<dt class=\"q5\">METODO DE EXTRACCION:<\/dt>\n<dd class=\"q6\">Destilaci\u00f3n al Vapor<\/dd>\n<dt class=\"q7\">AROMA:<\/dt>\n<dd class=\"q8\">Una nota de cabeza con un aroma fuerte, la menta tiene un aroma fuerte y penetrante basado en su alto contenido de mentol. La dulzura mentolada del vapor lo convierte en uno de los aceites esenciales m\u00e1s populares<\/dd>\n<dt class=\"q9\">MEJORES MEZCLAS:<\/dt>\n<dd class=\"q10\">Albahaca, Bergamota, Cajeput, Cedro, Eucalipto, Lim\u00f3n, Lima, Mandarina, Mejorana, Niaouli, Pino, Romero y Tomillo<\/dd>\n<dt class=\"q11\">CONTENIDO:<\/dt>\n<dd class=\"q12\">15 Mililitros<\/dd>\n<dt class=\"q13\">BOTELLA:<\/dt>\n<dd class=\"q14\">Dise\u00f1adas y fabricadas en Holanda con vidrio biodegradable. Su color Violeta evita que el producto se da\u00f1e por los efectos da\u00f1inos del sol.<\/dd>\n<\/dl>\n<p><a href=\"https:\/\/zazilartesanal.com\/wp-content\/uploads\/2024\/08\/Zazil-A.Esencial-Menta.pdf\"\ndownload >  <\/p>\n<p><button type=\"button\" name=\"myButton\">Descarga la Ficha T\u00e9cnica<\/button>  <\/p>\n<style>\n\t\tbutton {\n\t\t\tcolor: #ffffff;\n\t\t\tbackground-color: #000000;\n\t\t\tfont-size: 14px;\n\t\t\tborder-radius: 1px;\n\t\t\tpadding: 8px 12px;\n\t\t\tcursor: pointer\n\t\t}\n\t\tbutton:hover {\n\t\t\tcolor: #000000;\n\t\t\tbackground-color: #e5e5e5;\n\t\t}\n\t<\/style>\n<p><\/a><br \/>\n&nbsp;<\/p>\n","protected":false},"featured_media":2980,"comment_status":"closed","ping_status":"closed","template":"","meta":[],"product_brand":[],"product_cat":[145],"product_tag":[],"class_list":{"0":"post-2319","1":"product","2":"type-product","3":"status-publish","4":"has-post-thumbnail","6":"product_cat-aceites-esenciales","8":"first","9":"instock","10":"taxable","11":"shipping-taxable","12":"purchasable","13":"product-type-simple"},"_links":{"self":[{"href":"https:\/\/zazilartesanal.com\/es\/wp-json\/wp\/v2\/product\/2319","targetHints":{"allow":["GET"]}}],"collection":[{"href":"https:\/\/zazilartesanal.com\/es\/wp-json\/wp\/v2\/product"}],"about":[{"href":"https:\/\/zazilartesanal.com\/es\/wp-json\/wp\/v2\/types\/product"}],"replies":[{"embeddable":true,"href":"https:\/\/zazilartesanal.com\/es\/wp-json\/wp\/v2\/comments?post=2319"}],"wp:featuredmedia":[{"embeddable":true,"href":"https:\/\/zazilartesanal.com\/es\/wp-json\/wp\/v2\/media\/2980"}],"wp:attachment":[{"href":"https:\/\/zazilartesanal.com\/es\/wp-json\/wp\/v2\/media?parent=2319"}],"wp:term":[{"taxonomy":"product_brand","embeddable":true,"href":"https:\/\/zazilartesanal.com\/es\/wp-json\/wp\/v2\/product_brand?post=2319"},{"taxonomy":"product_cat","embeddable":true,"href":"https:\/\/zazilartesanal.com\/es\/wp-json\/wp\/v2\/product_cat?post=2319"},{"taxonomy":"product_tag","embeddable":true,"href":"https:\/\/zazilartesanal.com\/es\/wp-json\/wp\/v2\/product_tag?post=2319"}],"curies":[{"name":"wp","href":"https:\/\/api.w.org\/{rel}","templated":true}]}}