{"id":2317,"date":"2024-08-08T14:04:49","date_gmt":"2024-08-08T14:04:49","guid":{"rendered":"https:\/\/zazilartesanal.com\/?post_type=product&amp;p=2317"},"modified":"2024-08-08T14:04:49","modified_gmt":"2024-08-08T14:04:49","slug":"limon-verde-15ml","status":"publish","type":"product","link":"https:\/\/zazilartesanal.com\/es\/product\/limon-verde-15ml\/","title":{"rendered":"Lim\u00f3n Verde 15ml"},"content":{"rendered":"","protected":false},"excerpt":{"rendered":"<div>\n<p class=\"wiwa\">El limonero es originario de la inmensa zona esteparia del Asia central, al norte del Himalaya. En esta regi\u00f3n seca y soleada, los oasis habitados por tribus de n\u00f3madas semi-sedentarios ofrec\u00edan en la antig\u00fcedad las mejores condiciones de cultivo de plantas \u00fatiles como el limonero, gracias a la abundancia de agua que all\u00ed se pod\u00eda encontrar. Pronto descubrieron tambi\u00e9n las altas civilizaciones de los pa\u00edses vecinos \u2013 los indios, chinos y persas \u2013 los frutos refrescantes del limonero y adquirieron los conocimientos sobre su cultivo y uso. Los comerciantes griegos y romanos trajeron el limonero desde Persia a Occidente. Hoy se puede encontrar en toda la zona Mediterr\u00e1nea.<br \/>\nEl aceite esencial del lim\u00f3n es uno de los Aceites Esenciales m\u00e1s ricos en vitaminas, la esencia se obtiene presionando la parte exterior del pericarpio o corteza de la fruta.\n<\/p>\n<div class=\"wop\">\n<p class=\"designerStyleId\">C\u00f3digo Producto: <span class=\"bols\" style=\"font-weight: bold;\">4035-15<\/span><\/p>\n<\/div>\n<\/div>\n<dl class=\"p7\">\n<dt class=\"q1\">PAIS DE ORIGEN:<\/dt>\n<dd class=\"q2\">Brasil<\/dd>\n<dt class=\"q3\">PARTE DE LA PLANTA:<\/dt>\n<dd class=\"q4\">C\u00e1scara del Fruto<\/dd>\n<dt class=\"q5\">METODO DE EXTRACCION:<\/dt>\n<dd class=\"q6\">Primera Presi\u00f3n en Fr\u00edo<\/dd>\n<dt class=\"q7\">AROMA:<\/dt>\n<dd class=\"q8\">Una nota de cabeza con un aroma medio, tiene un aroma agrio y fresco caracter\u00edstico de la fruta<\/dd>\n<dt class=\"q9\">MEJORES MEZCLAS:<\/dt>\n<dd class=\"q10\">Bergamota, Madera de Cedro, Geranio, Pomelo, Lavanda, Lim\u00f3n, Mandarina, Neroli, Nuez Moscada, Naranja, Palmarosa, Petitgrain, Rosa, Romero, Palisandro,<br \/>\nVetiver e Ylang-Ylang<\/dd>\n<dt class=\"q11\">CONTENIDO:<\/dt>\n<dd class=\"q12\">15 Mililitros<\/dd>\n<dt class=\"q13\">BOTELLA:<\/dt>\n<dd class=\"q14\">Dise\u00f1adas y fabricadas en Holanda con vidrio biodegradable. Su color Violeta evita que el producto se da\u00f1e por los efectos da\u00f1inos del sol.<\/dd>\n<\/dl>\n<p><a href=\"https:\/\/zazilartesanal.com\/wp-content\/uploads\/2024\/08\/Zazil-A.Esencial-Limon.pdf\"\ndownload >  <\/p>\n<p><button type=\"button\" name=\"myButton\">Descarga la Ficha T\u00e9cnica<\/button>  <\/p>\n<style>\n\t\tbutton {\n\t\t\tcolor: #ffffff;\n\t\t\tbackground-color: #000000;\n\t\t\tfont-size: 14px;\n\t\t\tborder-radius: 1px;\n\t\t\tpadding: 8px 12px;\n\t\t\tcursor: pointer\n\t\t}\n\t\tbutton:hover {\n\t\t\tcolor: #000000;\n\t\t\tbackground-color: #e5e5e5;\n\t\t}\n\t<\/style>\n<p><\/a><br \/>\n&nbsp;<\/p>\n","protected":false},"featured_media":2277,"comment_status":"closed","ping_status":"closed","template":"","meta":[],"product_brand":[],"product_cat":[145],"product_tag":[],"class_list":{"0":"post-2317","1":"product","2":"type-product","3":"status-publish","4":"has-post-thumbnail","6":"product_cat-aceites-esenciales","8":"first","9":"instock","10":"taxable","11":"shipping-taxable","12":"purchasable","13":"product-type-simple"},"_links":{"self":[{"href":"https:\/\/zazilartesanal.com\/es\/wp-json\/wp\/v2\/product\/2317","targetHints":{"allow":["GET"]}}],"collection":[{"href":"https:\/\/zazilartesanal.com\/es\/wp-json\/wp\/v2\/product"}],"about":[{"href":"https:\/\/zazilartesanal.com\/es\/wp-json\/wp\/v2\/types\/product"}],"replies":[{"embeddable":true,"href":"https:\/\/zazilartesanal.com\/es\/wp-json\/wp\/v2\/comments?post=2317"}],"wp:featuredmedia":[{"embeddable":true,"href":"https:\/\/zazilartesanal.com\/es\/wp-json\/wp\/v2\/media\/2277"}],"wp:attachment":[{"href":"https:\/\/zazilartesanal.com\/es\/wp-json\/wp\/v2\/media?parent=2317"}],"wp:term":[{"taxonomy":"product_brand","embeddable":true,"href":"https:\/\/zazilartesanal.com\/es\/wp-json\/wp\/v2\/product_brand?post=2317"},{"taxonomy":"product_cat","embeddable":true,"href":"https:\/\/zazilartesanal.com\/es\/wp-json\/wp\/v2\/product_cat?post=2317"},{"taxonomy":"product_tag","embeddable":true,"href":"https:\/\/zazilartesanal.com\/es\/wp-json\/wp\/v2\/product_tag?post=2317"}],"curies":[{"name":"wp","href":"https:\/\/api.w.org\/{rel}","templated":true}]}}