{"id":2316,"date":"2024-08-08T13:52:02","date_gmt":"2024-08-08T13:52:02","guid":{"rendered":"https:\/\/zazilartesanal.com\/?post_type=product&amp;p=2316"},"modified":"2024-08-08T13:52:02","modified_gmt":"2024-08-08T13:52:02","slug":"lemongrass-15ml","status":"publish","type":"product","link":"https:\/\/zazilartesanal.com\/es\/product\/lemongrass-15ml\/","title":{"rendered":"Lemongrass 15ml"},"content":{"rendered":"","protected":false},"excerpt":{"rendered":"<div>\n<p class=\"wiwa\">El lemongrass es una de las hierbas arom\u00e1ticas naturales de la India. Tiene un historial muy largo en el uso de la medicina tradicional india, particularmente frente a las fiebres y enfermedades infecciosas. De origen tropical, el lemongrass, conocido tambi\u00e9n como ca\u00f1a santa -en Cuba-, zacate lim\u00f3n -en M\u00e9xico-, molojillo criollo -en Venezuela-, hierba lim\u00f3n y hierba calentura, en otros pa\u00edses de habla hispana, crece espont\u00e1neamente en muchas zonas de Asia, Africa y Am\u00e9rica aunque, en general, se la cultiva para su uso medicinal y cosm\u00e9tico.<br \/>\nLas hojas de esta planta, que miden entre 60 y 120 cent\u00edmetros de altura, son alargadas como listones, despiden un agradable aroma, rara vez florecen y toman un color rojizo al secarse.<\/p>\n<div class=\"wop\">\n<p class=\"designerStyleId\">C\u00f3digo Producto: <span class=\"bols\" style=\"font-weight: bold;\">4033-15<\/span><\/p>\n<\/div>\n<\/div>\n<dl class=\"p7\">\n<dt class=\"q1\">PAIS DE ORIGEN:<\/dt>\n<dd class=\"q2\">India<\/dd>\n<dt class=\"q3\">PARTE DE LA PLANTA:<\/dt>\n<dd class=\"q4\">Hierba Fresca<\/dd>\n<dt class=\"q5\">METODO DE EXTRACCION:<\/dt>\n<dd class=\"q6\">Destilaci\u00f3n al Vapor de la Hierba<\/dd>\n<dt class=\"q7\">AROMA:<\/dt>\n<dd class=\"q8\">El Aceite Esencial de Lemongrass tiene un aroma fresco, terroso y c\u00edtrico-herb\u00e1ceo<\/p>\n<dd class=\"q10\">Pino, Tomillo, Lavanda, Romero, Mejorana, Cedro y Lim\u00f3n<\/dd>\n<dt class=\"q11\">CONTENIDO:<\/dt>\n<dd class=\"q12\">15 Mililitros<\/dd>\n<dt class=\"q13\">BOTELLA:<\/dt>\n<dd class=\"q14\">Dise\u00f1adas y fabricadas en Holanda con vidrio biodegradable. Su color Violeta evita que el producto se da\u00f1e por los efectos da\u00f1inos del sol.<\/dd>\n<\/dl>\n<p><a href=\"https:\/\/zazilartesanal.com\/wp-content\/uploads\/2024\/08\/Zazil-A.Esencial-Lemongrass.pdf\"\ndownload >  <\/p>\n<p><button type=\"button\" name=\"myButton\">Descarga la Ficha T\u00e9cnica<\/button>  <\/p>\n<style>\n\t\tbutton {\n\t\t\tcolor: #ffffff;\n\t\t\tbackground-color: #000000;\n\t\t\tfont-size: 14px;\n\t\t\tborder-radius: 1px;\n\t\t\tpadding: 8px 12px;\n\t\t\tcursor: pointer\n\t\t}\n\t\tbutton:hover {\n\t\t\tcolor: #000000;\n\t\t\tbackground-color: #e5e5e5;\n\t\t}\n\t<\/style>\n<p><\/a><br \/>\n&nbsp;<\/p>\n","protected":false},"featured_media":2274,"comment_status":"closed","ping_status":"closed","template":"","meta":[],"product_brand":[],"product_cat":[145],"product_tag":[],"class_list":{"0":"post-2316","1":"product","2":"type-product","3":"status-publish","4":"has-post-thumbnail","6":"product_cat-aceites-esenciales","8":"first","9":"instock","10":"taxable","11":"shipping-taxable","12":"purchasable","13":"product-type-simple"},"_links":{"self":[{"href":"https:\/\/zazilartesanal.com\/es\/wp-json\/wp\/v2\/product\/2316","targetHints":{"allow":["GET"]}}],"collection":[{"href":"https:\/\/zazilartesanal.com\/es\/wp-json\/wp\/v2\/product"}],"about":[{"href":"https:\/\/zazilartesanal.com\/es\/wp-json\/wp\/v2\/types\/product"}],"replies":[{"embeddable":true,"href":"https:\/\/zazilartesanal.com\/es\/wp-json\/wp\/v2\/comments?post=2316"}],"wp:featuredmedia":[{"embeddable":true,"href":"https:\/\/zazilartesanal.com\/es\/wp-json\/wp\/v2\/media\/2274"}],"wp:attachment":[{"href":"https:\/\/zazilartesanal.com\/es\/wp-json\/wp\/v2\/media?parent=2316"}],"wp:term":[{"taxonomy":"product_brand","embeddable":true,"href":"https:\/\/zazilartesanal.com\/es\/wp-json\/wp\/v2\/product_brand?post=2316"},{"taxonomy":"product_cat","embeddable":true,"href":"https:\/\/zazilartesanal.com\/es\/wp-json\/wp\/v2\/product_cat?post=2316"},{"taxonomy":"product_tag","embeddable":true,"href":"https:\/\/zazilartesanal.com\/es\/wp-json\/wp\/v2\/product_tag?post=2316"}],"curies":[{"name":"wp","href":"https:\/\/api.w.org\/{rel}","templated":true}]}}