{"id":2310,"date":"2024-08-08T03:00:20","date_gmt":"2024-08-08T03:00:20","guid":{"rendered":"https:\/\/zazilartesanal.com\/?post_type=product&amp;p=2310"},"modified":"2024-08-08T03:00:20","modified_gmt":"2024-08-08T03:00:20","slug":"albahaca-15ml","status":"publish","type":"product","link":"https:\/\/zazilartesanal.com\/es\/product\/albahaca-15ml\/","title":{"rendered":"Albahaca 15ml"},"content":{"rendered":"","protected":false},"excerpt":{"rendered":"<div>\n<p class=\"wiwa\">Se cuenta que Alejandro Magno lo llev\u00f3 a Europa. En la antig\u00fcedad se utilizaba como aceite de unci\u00f3n para los Reyes. Tambi\u00e9n era costumbre golpear con ramos de albahaca los cuerpos de las personas con la finalidad de alejar malos esp\u00edritus y proporcionarles fuerza y coraje. Los egipcios le atribu\u00edan propiedades maravillosas. S\u00f3lo la familia del fara\u00f3n pod\u00eda cultivar esta planta y sus ramas se corbaban con cuchillos o tijeras de oro.<br \/>\nEn griego su nombre significa \u201cremedio real\u201d o \u201crey\u201d. En el siglo XVI, la albahaca en polvo se usaba para tratar las migra\u00f1as y las infecciones de pecho. Los antiguos egipcios cre\u00edan que abrir\u00eda las puertas del cielo a una persona moribunda, y los hind\u00faes usan ramitas de albahaca para proteger a los muertos del mal durante la transici\u00f3n entre vidas. La tradici\u00f3n europea occidental a veces afirmaba que era un s\u00edmbolo del mal, mientras que la Iglesia Ortodoxa Oriental lo usaba para hacer agua bendita.<\/p>\n<div class=\"wop\">\n<p class=\"designerStyleId\">C\u00f3digo Producto: <span class=\"bols\" style=\"font-weight: bold;\">4001-15<\/span><\/p>\n<\/div>\n<\/div>\n<dl class=\"p7\">\n<dt class=\"q1\">PAIS DE ORIGEN:<\/dt>\n<dd class=\"q2\">India<\/dd>\n<dt class=\"q3\">PARTE DE LA PLANTA:<\/dt>\n<dd class=\"q4\">Hojas Frescas<\/dd>\n<dt class=\"q5\">METODO DE EXTRACCION:<\/dt>\n<dd class=\"q6\">Destilaci\u00f3n al Vapor de las Hojas Frescas<\/dd>\n<dt class=\"q7\">AROMA:<\/dt>\n<dd class=\"q8\">La albahaca tiene un aroma dulce, especiado y fresco con una leve nota bals\u00e1mica amaderada en el fondo y una dulzura duradera que lo convierte en una fuerte nota de cabeza<\/dd>\n<dt class=\"q9\">MEJORES MEZCLAS:<\/dt>\n<dd class=\"q10\">Bergamota, Salvia Escl\u00e1rea, Lima, Eucalipto, Enebro, Lim\u00f3n, Neroli y Romero<\/dd>\n<dt class=\"q11\">CONTENIDO:<\/dt>\n<dd class=\"q12\">15 Mililitros<\/dd>\n<dt class=\"q13\">BOTELLA:<\/dt>\n<dd class=\"q14\">Dise\u00f1adas y fabricadas en Holanda con vidrio biodegradable. Su color Violeta evita que el producto se da\u00f1e por los efectos da\u00f1inos del sol.<\/dd>\n<\/dl>\n<p><a href=\"https:\/\/zazilartesanal.com\/wp-content\/uploads\/2024\/08\/Zazil-A.Esencial-Albahaca.pdf\"\ndownload >  <\/p>\n<p><button type=\"button\" name=\"myButton\">Descarga la Ficha T\u00e9cnica<\/button>  <\/p>\n<style>\n\t\tbutton {\n\t\t\tcolor: #ffffff;\n\t\t\tbackground-color: #000000;\n\t\t\tfont-size: 14px;\n\t\t\tborder-radius: 1px;\n\t\t\tpadding: 8px 12px;\n\t\t\tcursor: pointer\n\t\t}\n\t\tbutton:hover {\n\t\t\tcolor: #000000;\n\t\t\tbackground-color: #e5e5e5;\n\t\t}\n\t<\/style>\n<p><\/a><br \/>\n&nbsp;<\/p>\n","protected":false},"featured_media":2259,"comment_status":"closed","ping_status":"closed","template":"","meta":[],"product_brand":[],"product_cat":[145],"product_tag":[],"class_list":{"0":"post-2310","1":"product","2":"type-product","3":"status-publish","4":"has-post-thumbnail","6":"product_cat-aceites-esenciales","8":"first","9":"instock","10":"taxable","11":"shipping-taxable","12":"purchasable","13":"product-type-simple"},"_links":{"self":[{"href":"https:\/\/zazilartesanal.com\/es\/wp-json\/wp\/v2\/product\/2310","targetHints":{"allow":["GET"]}}],"collection":[{"href":"https:\/\/zazilartesanal.com\/es\/wp-json\/wp\/v2\/product"}],"about":[{"href":"https:\/\/zazilartesanal.com\/es\/wp-json\/wp\/v2\/types\/product"}],"replies":[{"embeddable":true,"href":"https:\/\/zazilartesanal.com\/es\/wp-json\/wp\/v2\/comments?post=2310"}],"wp:featuredmedia":[{"embeddable":true,"href":"https:\/\/zazilartesanal.com\/es\/wp-json\/wp\/v2\/media\/2259"}],"wp:attachment":[{"href":"https:\/\/zazilartesanal.com\/es\/wp-json\/wp\/v2\/media?parent=2310"}],"wp:term":[{"taxonomy":"product_brand","embeddable":true,"href":"https:\/\/zazilartesanal.com\/es\/wp-json\/wp\/v2\/product_brand?post=2310"},{"taxonomy":"product_cat","embeddable":true,"href":"https:\/\/zazilartesanal.com\/es\/wp-json\/wp\/v2\/product_cat?post=2310"},{"taxonomy":"product_tag","embeddable":true,"href":"https:\/\/zazilartesanal.com\/es\/wp-json\/wp\/v2\/product_tag?post=2310"}],"curies":[{"name":"wp","href":"https:\/\/api.w.org\/{rel}","templated":true}]}}