{"id":2142,"date":"2023-07-03T16:43:26","date_gmt":"2023-07-03T16:43:26","guid":{"rendered":"https:\/\/zazilartesanal.com\/?post_type=product&amp;p=2142"},"modified":"2023-07-03T16:43:26","modified_gmt":"2023-07-03T16:43:26","slug":"rosa-mosqueta-50ml","status":"publish","type":"product","link":"https:\/\/zazilartesanal.com\/es\/product\/rosa-mosqueta-50ml\/","title":{"rendered":"Rosa Mosqueta 50ml"},"content":{"rendered":"","protected":false},"excerpt":{"rendered":"<div>\n<p class=\"wiwa\">La familia Rosaceae est\u00e1 formada por 122 g\u00e9neros y unas 3.400 especies, entre las que se incluyen la mayor\u00eda de los \u00e1rboles y arbustos frutales de las regiones templadas. Es un arbusto silvestre que puede medir m\u00e1s de 2 metros de altura, con ramas delgadas y flexibles, cubiertas de espinas de color viol\u00e1ceo. Las hojas de la rosa mosqueta son caducas, pinnadas, de bordes serrados y con presencia de est\u00edpulas. Sus flores tienen 5 p\u00e9talos de color rosado y olor almizclado, en panojas espesas y terminales; los estambres son de un color amarillo vivo. La floraci\u00f3n se produce una sola vez por temporada. Su fruto es un cinorrod\u00f3n de forma ovoide y color rojo o naranja, con restos de s\u00e9palos espinosos en sus extremos. Este arbusto es originario de Europa Central, donde se cultiva sobre todo en Polonia, los Balcanes, Hungr\u00eda, Rusia y el C\u00e1ucaso, pero tambi\u00e9n se encuentra en \u00c1frica y en India. Fue introducido en Chile durante la conquista y actualmente cubre gran parte de su superficie, desde el nivel del mar hasta los 2.000 metros de altura. En la actualidad, este pa\u00eds es el principal productor y exportador de aceite de rosa mosqueta. Los primeros pa\u00edses importadores son Alemania, Suecia, Estados Unidos, Jap\u00f3n, Francia y Suiza.<\/p>\n<div class=\"wop\">\n<p class=\"designerStyleId\">C\u00f3digo Producto: <span class=\"bols\" style=\"font-weight: bold;\">3007-50<\/span><\/p>\n<\/div>\n<\/div>\n<dl class=\"p7\">\n<dt class=\"q1\">PAIS DE ORIGEN:<\/dt>\n<dd class=\"q2\">Chile<\/dd>\n<dt class=\"q3\">PARTE DE LA PLANTA:<\/dt>\n<dd class=\"q4\">Semillas dentro del Fruto<\/dd>\n<dt class=\"q5\">METODO DE EXTRACCION:<\/dt>\n<dd class=\"q6\">Primera presi\u00f3n en fr\u00edo<\/dd>\n<dt class=\"q7\">ACEITES ESENCIALES:<\/dt>\n<dt class=\"q8\">AROMA:<\/dt>\n<dd class=\"q9\">Tiene un aroma muy suave y agradable.<\/dd>\n<dt class=\"q10\">CONTENIDO:<\/dt>\n<dd class=\"q11\">50 Mililitros<\/dd>\n<dt class=\"q12\">BOTELLA:<\/dt>\n<dd class=\"q13\">Dise\u00f1adas y fabricadas en Holanda con vidrio biodegradable. Su color Violeta evita que el producto se da\u00f1e por los efectos da\u00f1inos del sol.<\/dd>\n<\/dl>\n","protected":false},"featured_media":2143,"comment_status":"closed","ping_status":"closed","template":"","meta":[],"product_brand":[],"product_cat":[151,152],"product_tag":[],"class_list":{"0":"post-2142","1":"product","2":"type-product","3":"status-publish","4":"has-post-thumbnail","6":"product_cat-aceites-faciales-50ml","7":"product_cat-faciales","9":"first","10":"instock","11":"taxable","12":"shipping-taxable","13":"purchasable","14":"product-type-simple"},"_links":{"self":[{"href":"https:\/\/zazilartesanal.com\/es\/wp-json\/wp\/v2\/product\/2142","targetHints":{"allow":["GET"]}}],"collection":[{"href":"https:\/\/zazilartesanal.com\/es\/wp-json\/wp\/v2\/product"}],"about":[{"href":"https:\/\/zazilartesanal.com\/es\/wp-json\/wp\/v2\/types\/product"}],"replies":[{"embeddable":true,"href":"https:\/\/zazilartesanal.com\/es\/wp-json\/wp\/v2\/comments?post=2142"}],"wp:featuredmedia":[{"embeddable":true,"href":"https:\/\/zazilartesanal.com\/es\/wp-json\/wp\/v2\/media\/2143"}],"wp:attachment":[{"href":"https:\/\/zazilartesanal.com\/es\/wp-json\/wp\/v2\/media?parent=2142"}],"wp:term":[{"taxonomy":"product_brand","embeddable":true,"href":"https:\/\/zazilartesanal.com\/es\/wp-json\/wp\/v2\/product_brand?post=2142"},{"taxonomy":"product_cat","embeddable":true,"href":"https:\/\/zazilartesanal.com\/es\/wp-json\/wp\/v2\/product_cat?post=2142"},{"taxonomy":"product_tag","embeddable":true,"href":"https:\/\/zazilartesanal.com\/es\/wp-json\/wp\/v2\/product_tag?post=2142"}],"curies":[{"name":"wp","href":"https:\/\/api.w.org\/{rel}","templated":true}]}}