{"id":2137,"date":"2023-07-03T16:23:44","date_gmt":"2023-07-03T16:23:44","guid":{"rendered":"https:\/\/zazilartesanal.com\/?post_type=product&amp;p=2137"},"modified":"2023-07-03T16:23:44","modified_gmt":"2023-07-03T16:23:44","slug":"germen-de-trigo-50ml","status":"publish","type":"product","link":"https:\/\/zazilartesanal.com\/es\/product\/germen-de-trigo-50ml\/","title":{"rendered":"Germen de Trigo 50ml"},"content":{"rendered":"","protected":false},"excerpt":{"rendered":"<div>\n<p class=\"wiwa\">El aceite de germen de trigo es rico en vitaminas A, B, D. Adem\u00e1s, es el aceite con m\u00e1s concentraci\u00f3n de vitamina E.<br \/>\nEsta combinaci\u00f3n vitam\u00ednica lo convierte en un antioxidante muy poderoso. Contribuye a la lucha contra los radicales libres, previene el envejecimiento prematuro, ayuda a que los minerales y nutrientes se absorban a nivel celular, calma y repara la dermis y promueve la salud de la piel al prevenir condiciones como psoriasis, eczema y una piel descamada.<\/p>\n<div class=\"wop\">\n<p class=\"designerStyleId\">C\u00f3digo Producto: <span class=\"bols\" style=\"font-weight: bold;\">3003-50<\/span><\/p>\n<\/div>\n<\/div>\n<dl class=\"p7\">\n<dt class=\"q1\">PAIS DE ORIGEN:<\/dt>\n<dd class=\"q2\">Francia<\/dd>\n<dt class=\"q3\">PARTE DE LA PLANTA:<\/dt>\n<dd class=\"q4\">La Flor del Trigo<\/dd>\n<dt class=\"q5\">METODO DE EXTRACCION:<\/dt>\n<dd class=\"q6\">Mediante Solventes Naturales<\/dd>\n<dt class=\"q7\">AROMA:<\/dt>\n<dd class=\"q8\">Tiene un aroma muy suave y agradable.<\/dd>\n<dt class=\"q9\">CONTENIDO:<\/dt>\n<dd class=\"q10\">50 Mililitros<\/dd>\n<dt class=\"q11\">BOTELLA:<\/dt>\n<dd class=\"q12\">Dise\u00f1adas y fabricadas en Holanda con vidrio biodegradable. Su color Violeta evita que el producto se da\u00f1e por los efectos da\u00f1inos del sol.<\/dd>\n<\/dl>\n","protected":false},"featured_media":2138,"comment_status":"closed","ping_status":"closed","template":"","meta":[],"product_brand":[],"product_cat":[151,152],"product_tag":[],"class_list":{"0":"post-2137","1":"product","2":"type-product","3":"status-publish","4":"has-post-thumbnail","6":"product_cat-aceites-faciales-50ml","7":"product_cat-faciales","9":"first","10":"instock","11":"taxable","12":"shipping-taxable","13":"purchasable","14":"product-type-simple"},"_links":{"self":[{"href":"https:\/\/zazilartesanal.com\/es\/wp-json\/wp\/v2\/product\/2137","targetHints":{"allow":["GET"]}}],"collection":[{"href":"https:\/\/zazilartesanal.com\/es\/wp-json\/wp\/v2\/product"}],"about":[{"href":"https:\/\/zazilartesanal.com\/es\/wp-json\/wp\/v2\/types\/product"}],"replies":[{"embeddable":true,"href":"https:\/\/zazilartesanal.com\/es\/wp-json\/wp\/v2\/comments?post=2137"}],"wp:featuredmedia":[{"embeddable":true,"href":"https:\/\/zazilartesanal.com\/es\/wp-json\/wp\/v2\/media\/2138"}],"wp:attachment":[{"href":"https:\/\/zazilartesanal.com\/es\/wp-json\/wp\/v2\/media?parent=2137"}],"wp:term":[{"taxonomy":"product_brand","embeddable":true,"href":"https:\/\/zazilartesanal.com\/es\/wp-json\/wp\/v2\/product_brand?post=2137"},{"taxonomy":"product_cat","embeddable":true,"href":"https:\/\/zazilartesanal.com\/es\/wp-json\/wp\/v2\/product_cat?post=2137"},{"taxonomy":"product_tag","embeddable":true,"href":"https:\/\/zazilartesanal.com\/es\/wp-json\/wp\/v2\/product_tag?post=2137"}],"curies":[{"name":"wp","href":"https:\/\/api.w.org\/{rel}","templated":true}]}}