{"id":2105,"date":"2023-07-03T00:56:55","date_gmt":"2023-07-03T00:56:55","guid":{"rendered":"https:\/\/zazilartesanal.com\/?post_type=product&amp;p=2105"},"modified":"2023-07-03T00:56:55","modified_gmt":"2023-07-03T00:56:55","slug":"energetico-15ml","status":"publish","type":"product","link":"https:\/\/zazilartesanal.com\/es\/product\/energetico-15ml\/","title":{"rendered":"Energ\u00e9tico 15ml"},"content":{"rendered":"","protected":false},"excerpt":{"rendered":"<div>\n<p class=\"wiwa\">Esta Sinergia de Aceites Esenciales es perfecta para iniciar el d\u00eda. El lim\u00f3n toma la delantera en esta mezcla, mientras que la nuez moscada especiada y el b\u00e1lsamo de abeto amaderado lo equilibran. La Pimienta Negra agrega notas picantes a esta mezcla fragante que iluminar\u00e1 la atm\u00f3sfera de cualquier oficina, \u00e1rea de trabajo o \u00e1rea de estudio.<br \/>\nMantiene la piel hidratada y tersa, con una constante regeneraci\u00f3n celular. Una mezcla ligera y de f\u00e1cil aplicaci\u00f3n y penetraci\u00f3n. Deja la piel suave y aterciopelada tras la aplicaci\u00f3n mediante nuestro Aceite Portador.<\/p>\n<div class=\"wop\">\n<p class=\"designerStyleId\">C\u00f3digo Producto: <span class=\"bols\" style=\"font-weight: bold;\">5011-15<\/span><\/p>\n<\/div>\n<\/div>\n<dl class=\"p7\">\n<dt class=\"q1\">PAIS DE ORIGEN:<\/dt>\n<dd class=\"q2\">\u2022 Romero: Marruecos | \u2022 Enebro: India | \u2022 NLemongrass: India | \u2022 Nuez Moscada: Sri Lanka | \u2022 Abeto: Canad\u00e1 | \u2022 Pimienta Negra: Sri Lanka | \u2022 Lim\u00f3n Persa: Brasil<\/dd>\n<dt class=\"q3\">PARTES DE LA PLANTAS:<\/dt>\n<dd class=\"q4\">Diversas partes dependiendo del Aceite Esencial<\/dd>\n<dt class=\"q5\">METODO DE EXTRACCION:<\/dt>\n<dd class=\"q6\">Diversos m\u00e9todos dependiendo del Aceite Esencial<\/dd>\n<dt class=\"q7\">AROMA:<\/dt>\n<dd class=\"q8\">Salida c\u00edtrica destacando la nota de la naranja amarga; cuerpo y fondo c\u00e1lido y ex\u00f3tico a base de la embriagadora fragancia de las oleoresinas de incienso y mirra, capaces de transportarnos en el espacio y el tiempo y hacer sentir a cada mujer la diosa que<br \/>\nlleva dentro.<\/dd>\n<dt class=\"q9\">CONTENIDO:<\/dt>\n<dd class=\"q10\">15 Mililitros<\/dd>\n<dt class=\"q11\">BOTELLA:<\/dt>\n<dd class=\"q12\">Dise\u00f1adas y fabricadas en Holanda con vidrio biodegradable. Su color Violeta evita que el producto se da\u00f1e por los efectos da\u00f1inos del sol.<\/dd>\n<\/dl>\n<p><a href=\"https:\/\/zazilartesanal.com\/wp-content\/uploads\/2024\/08\/Zazil-Sinergia-Energetico.pdf\"\ndownload >  <\/p>\n<p><button type=\"button\" name=\"myButton\">Descarga la Ficha T\u00e9cnica<\/button>  <\/p>\n<style>\n\t\tbutton {\n\t\t\tcolor: #ffffff;\n\t\t\tbackground-color: #000000;\n\t\t\tfont-size: 14px;\n\t\t\tborder-radius: 1px;\n\t\t\tpadding: 8px 12px;\n\t\t\tcursor: pointer\n\t\t}\n\t\tbutton:hover {\n\t\t\tcolor: #000000;\n\t\t\tbackground-color: #e5e5e5;\n\t\t}\n\t<\/style>\n<p><\/a><br \/>\n&nbsp;<\/p>\n","protected":false},"featured_media":2307,"comment_status":"closed","ping_status":"closed","template":"","meta":[],"product_brand":[],"product_cat":[149,150],"product_tag":[],"class_list":{"0":"post-2105","1":"product","2":"type-product","3":"status-publish","4":"has-post-thumbnail","6":"product_cat-aromaterapia","7":"product_cat-sinergias","9":"first","10":"instock","11":"taxable","12":"shipping-taxable","13":"purchasable","14":"product-type-simple"},"_links":{"self":[{"href":"https:\/\/zazilartesanal.com\/es\/wp-json\/wp\/v2\/product\/2105","targetHints":{"allow":["GET"]}}],"collection":[{"href":"https:\/\/zazilartesanal.com\/es\/wp-json\/wp\/v2\/product"}],"about":[{"href":"https:\/\/zazilartesanal.com\/es\/wp-json\/wp\/v2\/types\/product"}],"replies":[{"embeddable":true,"href":"https:\/\/zazilartesanal.com\/es\/wp-json\/wp\/v2\/comments?post=2105"}],"wp:featuredmedia":[{"embeddable":true,"href":"https:\/\/zazilartesanal.com\/es\/wp-json\/wp\/v2\/media\/2307"}],"wp:attachment":[{"href":"https:\/\/zazilartesanal.com\/es\/wp-json\/wp\/v2\/media?parent=2105"}],"wp:term":[{"taxonomy":"product_brand","embeddable":true,"href":"https:\/\/zazilartesanal.com\/es\/wp-json\/wp\/v2\/product_brand?post=2105"},{"taxonomy":"product_cat","embeddable":true,"href":"https:\/\/zazilartesanal.com\/es\/wp-json\/wp\/v2\/product_cat?post=2105"},{"taxonomy":"product_tag","embeddable":true,"href":"https:\/\/zazilartesanal.com\/es\/wp-json\/wp\/v2\/product_tag?post=2105"}],"curies":[{"name":"wp","href":"https:\/\/api.w.org\/{rel}","templated":true}]}}