{"id":2101,"date":"2023-07-03T00:45:04","date_gmt":"2023-07-03T00:45:04","guid":{"rendered":"https:\/\/zazilartesanal.com\/?post_type=product&amp;p=2101"},"modified":"2023-07-03T00:45:04","modified_gmt":"2023-07-03T00:45:04","slug":"dulces-suenos-15ml","status":"publish","type":"product","link":"https:\/\/zazilartesanal.com\/es\/product\/dulces-suenos-15ml\/","title":{"rendered":"Dulces Sue\u00f1os 15ml"},"content":{"rendered":"","protected":false},"excerpt":{"rendered":"<div>\n<p class=\"wiwa\">Sinergia de Aceites Esenciales que relaja el sistema nervioso y apoya a conciliar un sue\u00f1o profundo y placentero para poder experimentar esa agradable senasaci\u00f3n de descanso y bienestar. Esta sofisticada mezcla de Aceites Esenciales apoya a la lucha contra el insomnio causado por el exceso de actividad y el estr\u00e9s.<br \/>\nEl aceite de Manzanilla Romana es uno de los m\u00e1s preciados en el mundo de la aromaterapia por sus grandes beneficios y su elevado precio. La Lavanda le ofrece a la mezcla suaves toques arom\u00e1ticos as\u00ed como una gran frescura. Mantiene la piel hidratada y tersa, con una constante regeneraci\u00f3n celular. Una mezcla ligera y de f\u00e1cil aplicaci\u00f3n y penetraci\u00f3n. Deja la piel suave y aterciopelada tras la aplicaci\u00f3n mediante nuestro Aceite Portador.<\/p>\n<div class=\"wop\">\n<p class=\"designerStyleId\">C\u00f3digo Producto: <span class=\"bols\" style=\"font-weight: bold;\">5009-15<\/span><\/p>\n<\/div>\n<\/div>\n<dl class=\"p7\">\n<dt class=\"q1\">PAIS DE ORIGEN:<\/dt>\n<dd class=\"q2\">\u2022 Lavanda: Bulgaria | \u2022 Mejorana: Egipto | \u2022 Manzanilla Romana: China | \u2022 Copaiba: Brasil | \u2022 Salvia: India<\/dd>\n<dt class=\"q3\">PARTES DE LA PLANTAS:<\/dt>\n<dd class=\"q4\">Diversas partes dependiendo del Aceite Esencial<\/dd>\n<dt class=\"q5\">METODO DE EXTRACCION:<\/dt>\n<dd class=\"q6\">Diversos m\u00e9todos dependiendo del Aceite Esencial<\/dd>\n<dt class=\"q7\">AROMA:<\/dt>\n<dd class=\"q8\">Salida c\u00edtrica destacando la nota de la naranja amarga; cuerpo y fondo c\u00e1lido y ex\u00f3tico a base de la embriagadora fragancia de las oleoresinas de incienso y mirra, capaces de transportarnos en el espacio y el tiempo y hacer sentir a cada mujer la diosa que<br \/>\nlleva dentro.<\/dd>\n<dt class=\"q9\">CONTENIDO:<\/dt>\n<dd class=\"q10\">15 Mililitros<\/dd>\n<dt class=\"q11\">BOTELLA:<\/dt>\n<dd class=\"q12\">Dise\u00f1adas y fabricadas en Holanda con vidrio biodegradable. Su color Violeta evita que el producto se da\u00f1e por los efectos da\u00f1inos del sol.<\/dd>\n<\/dl>\n<p><a href=\"https:\/\/zazilartesanal.com\/wp-content\/uploads\/2024\/08\/Zazil-Sinergia-Dulces-Suenos.pdf\"\ndownload >  <\/p>\n<p><button type=\"button\" name=\"myButton\">Descarga la Ficha T\u00e9cnica<\/button>  <\/p>\n<style>\n\t\tbutton {\n\t\t\tcolor: #ffffff;\n\t\t\tbackground-color: #000000;\n\t\t\tfont-size: 14px;\n\t\t\tborder-radius: 1px;\n\t\t\tpadding: 8px 12px;\n\t\t\tcursor: pointer\n\t\t}\n\t\tbutton:hover {\n\t\t\tcolor: #000000;\n\t\t\tbackground-color: #e5e5e5;\n\t\t}\n\t<\/style>\n<p><\/a><br \/>\n&nbsp;<\/p>\n","protected":false},"featured_media":2304,"comment_status":"closed","ping_status":"closed","template":"","meta":[],"product_brand":[],"product_cat":[149,150],"product_tag":[],"class_list":{"0":"post-2101","1":"product","2":"type-product","3":"status-publish","4":"has-post-thumbnail","6":"product_cat-aromaterapia","7":"product_cat-sinergias","9":"first","10":"instock","11":"taxable","12":"shipping-taxable","13":"purchasable","14":"product-type-simple"},"_links":{"self":[{"href":"https:\/\/zazilartesanal.com\/es\/wp-json\/wp\/v2\/product\/2101","targetHints":{"allow":["GET"]}}],"collection":[{"href":"https:\/\/zazilartesanal.com\/es\/wp-json\/wp\/v2\/product"}],"about":[{"href":"https:\/\/zazilartesanal.com\/es\/wp-json\/wp\/v2\/types\/product"}],"replies":[{"embeddable":true,"href":"https:\/\/zazilartesanal.com\/es\/wp-json\/wp\/v2\/comments?post=2101"}],"wp:featuredmedia":[{"embeddable":true,"href":"https:\/\/zazilartesanal.com\/es\/wp-json\/wp\/v2\/media\/2304"}],"wp:attachment":[{"href":"https:\/\/zazilartesanal.com\/es\/wp-json\/wp\/v2\/media?parent=2101"}],"wp:term":[{"taxonomy":"product_brand","embeddable":true,"href":"https:\/\/zazilartesanal.com\/es\/wp-json\/wp\/v2\/product_brand?post=2101"},{"taxonomy":"product_cat","embeddable":true,"href":"https:\/\/zazilartesanal.com\/es\/wp-json\/wp\/v2\/product_cat?post=2101"},{"taxonomy":"product_tag","embeddable":true,"href":"https:\/\/zazilartesanal.com\/es\/wp-json\/wp\/v2\/product_tag?post=2101"}],"curies":[{"name":"wp","href":"https:\/\/api.w.org\/{rel}","templated":true}]}}