{"id":2097,"date":"2023-07-03T00:32:43","date_gmt":"2023-07-03T00:32:43","guid":{"rendered":"https:\/\/zazilartesanal.com\/?post_type=product&amp;p=2097"},"modified":"2023-07-03T00:32:43","modified_gmt":"2023-07-03T00:32:43","slug":"antiestres-15ml","status":"publish","type":"product","link":"https:\/\/zazilartesanal.com\/es\/product\/antiestres-15ml\/","title":{"rendered":"Antiestr\u00e9s 15ml"},"content":{"rendered":"","protected":false},"excerpt":{"rendered":"<div>\n<p class=\"wiwa\">Sinergia de Aceites Esenciales que ayudan a desaparecer la tensi\u00f3n y el estr\u00e9s que tenemos por la vida contempor\u00e1nea de forma natural y eficaz.<br \/>\nEsta exclusiva Sinergia logra de una manera eficaz sobrellevar las grandes tensiones y las preocupaciones. Su intenso y penetrante aroma impregna la habitaci\u00f3n gracias a la mezcla de ex\u00f3ticos. Aceites Esenciales como el Ylang-Ylang y el Patchouli.<br \/>\nLa combinaci\u00f3n de c\u00edtricos le otorgan frescura que invitan al buen humor. Mantiene la piel hidratada y tersa, con una constante regeneraci\u00f3n celular. Una mezcla ligera y de f\u00e1cil aplicaci\u00f3n y penetraci\u00f3n. Deja la piel suave y aterciopelada tras la aplicaci\u00f3n mediante nuestro Aceite Portador.<\/p>\n<div class=\"wop\">\n<p class=\"designerStyleId\">C\u00f3digo Producto: <span class=\"bols\" style=\"font-weight: bold;\">5007-15<\/span><\/p>\n<\/div>\n<\/div>\n<dl class=\"p7\">\n<dt class=\"q1\">PAIS DE ORIGEN:<\/dt>\n<dd class=\"q2\">\u2022 Bergamota: Italia | \u2022 Naranja Amarga: Italia | \u2022 Ylang Ylang: Madagascar | \u2022 Pomelo Rosado: M\u00e9xico | \u2022 Patchouli: India<\/dd>\n<dt class=\"q3\">PARTES DE LA PLANTAS:<\/dt>\n<dd class=\"q4\">Diversas partes dependiendo del Aceite Esencial<\/dd>\n<dt class=\"q5\">METODO DE EXTRACCION:<\/dt>\n<dd class=\"q6\">Diversos m\u00e9todos dependiendo del Aceite Esencial<\/dd>\n<dt class=\"q7\">AROMA:<\/dt>\n<dd class=\"q8\">Intensa salida c\u00edtrica-especiada a base de Bergamota, Naranja Amarga y Pomelo Rosado. La sofistifaci\u00f3n floral la aporta el Ylang Ylang y la estructura y complejidad el Patchouli.<\/dd>\n<dt class=\"q9\">CONTENIDO:<\/dt>\n<dd class=\"q10\">15 Mililitros<\/dd>\n<dt class=\"q11\">BOTELLA:<\/dt>\n<dd class=\"q12\">Dise\u00f1adas y fabricadas en Holanda con vidrio biodegradable. Su color Violeta evita que el producto se da\u00f1e por los efectos da\u00f1inos del sol.<\/dd>\n<\/dl>\n<p><a href=\"https:\/\/zazilartesanal.com\/wp-content\/uploads\/2024\/08\/Zazil-AC-Antiestres.pdf\"\ndownload >  <\/p>\n<p><button type=\"button\" name=\"myButton\">Descarga la Ficha T\u00e9cnica<\/button>  <\/p>\n<style>\n\t\tbutton {\n\t\t\tcolor: #ffffff;\n\t\t\tbackground-color: #000000;\n\t\t\tfont-size: 14px;\n\t\t\tborder-radius: 1px;\n\t\t\tpadding: 8px 12px;\n\t\t\tcursor: pointer\n\t\t}\n\t\tbutton:hover {\n\t\t\tcolor: #000000;\n\t\t\tbackground-color: #e5e5e5;\n\t\t}\n\t<\/style>\n<p><\/a><br \/>\n&nbsp;<\/p>\n","protected":false},"featured_media":2301,"comment_status":"closed","ping_status":"closed","template":"","meta":[],"product_brand":[],"product_cat":[149,150],"product_tag":[],"class_list":{"0":"post-2097","1":"product","2":"type-product","3":"status-publish","4":"has-post-thumbnail","6":"product_cat-aromaterapia","7":"product_cat-sinergias","9":"first","10":"instock","11":"taxable","12":"shipping-taxable","13":"purchasable","14":"product-type-simple"},"_links":{"self":[{"href":"https:\/\/zazilartesanal.com\/es\/wp-json\/wp\/v2\/product\/2097","targetHints":{"allow":["GET"]}}],"collection":[{"href":"https:\/\/zazilartesanal.com\/es\/wp-json\/wp\/v2\/product"}],"about":[{"href":"https:\/\/zazilartesanal.com\/es\/wp-json\/wp\/v2\/types\/product"}],"replies":[{"embeddable":true,"href":"https:\/\/zazilartesanal.com\/es\/wp-json\/wp\/v2\/comments?post=2097"}],"wp:featuredmedia":[{"embeddable":true,"href":"https:\/\/zazilartesanal.com\/es\/wp-json\/wp\/v2\/media\/2301"}],"wp:attachment":[{"href":"https:\/\/zazilartesanal.com\/es\/wp-json\/wp\/v2\/media?parent=2097"}],"wp:term":[{"taxonomy":"product_brand","embeddable":true,"href":"https:\/\/zazilartesanal.com\/es\/wp-json\/wp\/v2\/product_brand?post=2097"},{"taxonomy":"product_cat","embeddable":true,"href":"https:\/\/zazilartesanal.com\/es\/wp-json\/wp\/v2\/product_cat?post=2097"},{"taxonomy":"product_tag","embeddable":true,"href":"https:\/\/zazilartesanal.com\/es\/wp-json\/wp\/v2\/product_tag?post=2097"}],"curies":[{"name":"wp","href":"https:\/\/api.w.org\/{rel}","templated":true}]}}