{"id":2092,"date":"2023-07-02T18:11:32","date_gmt":"2023-07-02T18:11:32","guid":{"rendered":"https:\/\/zazilartesanal.com\/?post_type=product&amp;p=2092"},"modified":"2023-07-02T18:11:32","modified_gmt":"2023-07-02T18:11:32","slug":"ancestral-15ml","status":"publish","type":"product","link":"https:\/\/zazilartesanal.com\/es\/product\/ancestral-15ml\/","title":{"rendered":"Ancestral 15ml"},"content":{"rendered":"","protected":false},"excerpt":{"rendered":"<div>\n<p class=\"wiwa\">Sinergia de Aceites Esenciales de ex\u00f3tica fragancia que nutren en profundidad, combaten el envejecimiento cut\u00e1neo, regeneran y alisan la piel, a la vez que aportan autoestima y confianza.<br \/>\nEsta Sinergia envuelve en una aureola de fascinaci\u00f3n y encanto con su ex\u00f3tica fragancia inspirada en la unci\u00f3n de la Reina Cleopatra. Con incienso, s\u00edmbolo de pureza absoluta, y mirra, esencia de la eterna juventud, rejuvenece y deja una piel de terciopelo. Aporta confianza y fuerza interior.<br \/>\nLas oleoresinas de Incienso y Mirra ejercen un efecto rejuvenecedor sobre la piel y su ex\u00f3tica fragancia aporta una sensaci\u00f3n de equilibrio y armon\u00eda. La Mirra es el s\u00edmbolo de la inmortalidad, de la vida eterna. Impecable para usarse en difusores durante meditaciones y sesiones de yoga.<\/p>\n<div class=\"wop\">\n<p class=\"designerStyleId\">C\u00f3digo Producto: <span class=\"bols\" style=\"font-weight: bold;\">5003-15<\/span><\/p>\n<\/div>\n<\/div>\n<dl class=\"p7\">\n<dt class=\"q1\">PAIS DE ORIGEN:<\/dt>\n<dd class=\"q2\">\u2022 Cedro: Marruecos | \u2022 Ho Wood: China | \u2022 Enebro: India | \u2022 Naranja Amarga: Italia | \u2022 Lavanda: Bulgaria | \u2022 Incienso: India | \u2022 Cipr\u00e9s: Espa\u00f1a | \u2022 Mirra Oleoresina: India | \u2022 S\u00e1ndalo: Australia<\/dd>\n<dt class=\"q3\">PARTES DE LA PLANTAS:<\/dt>\n<dd class=\"q4\">Diversas partes dependiendo del Aceite Esencial<\/dd>\n<dt class=\"q5\">METODO DE EXTRACCION:<\/dt>\n<dd class=\"q6\">Diversos m\u00e9todos dependiendo del Aceite Esencial<\/dd>\n<dt class=\"q7\">AROMA:<\/dt>\n<dd class=\"q8\">Salida c\u00edtrica destacando la nota de la naranja amarga; cuerpo y fondo c\u00e1lido y ex\u00f3tico a base de la embriagadora fragancia de las oleoresinas de incienso y mirra, capaces de transportarnos en el espacio y el tiempo y hacer sentir a cada mujer la diosa que<br \/>\nlleva dentro.<\/dd>\n<dt class=\"q9\">CONTENIDO:<\/dt>\n<dd class=\"q10\">15 Mililitros<\/dd>\n<dt class=\"q11\">BOTELLA:<\/dt>\n<dd class=\"q12\">Dise\u00f1adas y fabricadas en Holanda con vidrio biodegradable. Su color Violeta evita que el producto se da\u00f1e por los efectos da\u00f1inos del sol.<\/dd>\n<\/dl>\n<p><a href=\"https:\/\/zazilartesanal.com\/wp-content\/uploads\/2024\/08\/Zazil-AC-Ancestral.pdf\"\ndownload >  <\/p>\n<p><button type=\"button\" name=\"myButton\">Descarga la Ficha T\u00e9cnica<\/button>  <\/p>\n<style>\n\t\tbutton {\n\t\t\tcolor: #ffffff;\n\t\t\tbackground-color: #000000;\n\t\t\tfont-size: 14px;\n\t\t\tborder-radius: 1px;\n\t\t\tpadding: 8px 12px;\n\t\t\tcursor: pointer\n\t\t}\n\t\tbutton:hover {\n\t\t\tcolor: #000000;\n\t\t\tbackground-color: #e5e5e5;\n\t\t}\n\t<\/style>\n<p><\/a><br \/>\n&nbsp;<\/p>\n","protected":false},"featured_media":2298,"comment_status":"closed","ping_status":"closed","template":"","meta":[],"product_brand":[],"product_cat":[149,150],"product_tag":[],"class_list":{"0":"post-2092","1":"product","2":"type-product","3":"status-publish","4":"has-post-thumbnail","6":"product_cat-aromaterapia","7":"product_cat-sinergias","9":"first","10":"instock","11":"taxable","12":"shipping-taxable","13":"purchasable","14":"product-type-simple"},"_links":{"self":[{"href":"https:\/\/zazilartesanal.com\/es\/wp-json\/wp\/v2\/product\/2092","targetHints":{"allow":["GET"]}}],"collection":[{"href":"https:\/\/zazilartesanal.com\/es\/wp-json\/wp\/v2\/product"}],"about":[{"href":"https:\/\/zazilartesanal.com\/es\/wp-json\/wp\/v2\/types\/product"}],"replies":[{"embeddable":true,"href":"https:\/\/zazilartesanal.com\/es\/wp-json\/wp\/v2\/comments?post=2092"}],"wp:featuredmedia":[{"embeddable":true,"href":"https:\/\/zazilartesanal.com\/es\/wp-json\/wp\/v2\/media\/2298"}],"wp:attachment":[{"href":"https:\/\/zazilartesanal.com\/es\/wp-json\/wp\/v2\/media?parent=2092"}],"wp:term":[{"taxonomy":"product_brand","embeddable":true,"href":"https:\/\/zazilartesanal.com\/es\/wp-json\/wp\/v2\/product_brand?post=2092"},{"taxonomy":"product_cat","embeddable":true,"href":"https:\/\/zazilartesanal.com\/es\/wp-json\/wp\/v2\/product_cat?post=2092"},{"taxonomy":"product_tag","embeddable":true,"href":"https:\/\/zazilartesanal.com\/es\/wp-json\/wp\/v2\/product_tag?post=2092"}],"curies":[{"name":"wp","href":"https:\/\/api.w.org\/{rel}","templated":true}]}}