{"id":1905,"date":"2023-06-29T17:31:20","date_gmt":"2023-06-29T17:31:20","guid":{"rendered":"https:\/\/zazilartesanal.com\/?post_type=product&amp;p=1905"},"modified":"2023-06-29T17:31:20","modified_gmt":"2023-06-29T17:31:20","slug":"ylang-ylang-15ml","status":"publish","type":"product","link":"https:\/\/zazilartesanal.com\/es\/product\/ylang-ylang-15ml\/","title":{"rendered":"Ylang Ylang 15ml"},"content":{"rendered":"","protected":false},"excerpt":{"rendered":"<div>\n<p class=\"wiwa\">El nombre de ylang-ylang es un derivado de Tagalog (lenguaje filipino) de la palabra ilang que significa salvaje, debido a su h\u00e1bitat natural, o de ilang-ilan que significa raro\u2026 definiendo de forma sugerente su excepcional y delicada esencia.<br \/>\nSu nombre tambi\u00e9n significa flor de flores. Es un \u00e1rbol ex\u00f3tico y tropical de hojas brillantes y resistentes que puede llegar a medir 20 metros de altura en estado salvaje, es originario de Asia tropical y cultivado tambi\u00e9n en Java, Sumatra e Islas Comores. Tiene grandes flores delicadas de color rosa, malva o amarillo. Desprende un perfume intenso y caracter\u00edstico. La mejor esencia se obtiene de la variedad de flores amarillas.<br \/>\nLas j\u00f3venes de las Islas Molucas pon\u00edan los p\u00e9talos de Ylang-Ylang a macerar al sol en aceite de coco para preparar un ung\u00fcento que pon\u00edan en el cabello con el fin de embellecerlo y tenerlo sano.<br \/>\nEn Indonesia las flores de ylang-ylang se salpican sobre la cama de los reci\u00e9n casados con el fin de favorecer los deseos de uni\u00f3n y como s\u00edmbolo de pureza y amor. En las Islas Molucas se prepara un ung\u00fcento de ylang-yang y flores de c\u00farcuma para uso cosm\u00e9tico, del cabello, enfermedades de la piel y para tratar la fiebre y las infecciones. En el siglo pasado se utilizaba para el cabello en el aceite de Madagacar y para aliviar las picaduras de insectos.<\/p>\n<div class=\"wop\">\n<p class=\"designerStyleId\">C\u00f3digo Producto: <span class=\"bols\" style=\"font-weight: bold;\">4065-15<\/span><\/p>\n<\/div>\n<\/div>\n<dl class=\"p7\">\n<dt class=\"q1\">PAIS DE ORIGEN:<\/dt>\n<dd class=\"q2\">Madagacar<\/dd>\n<dt class=\"q3\">PARTE DE LA PLANTA:<\/dt>\n<dd class=\"q4\">Flores Frescas<\/dd>\n<dt class=\"q5\">METODO DE EXTRACCION:<\/dt>\n<dd class=\"q6\">Destilaci\u00f3n al Vapor de las Flores Frescas<\/dd>\n<dt class=\"q7\">AROMA:<\/dt>\n<dd class=\"q8\">Una nota de fondo con un aroma medio, Ylang Ylang tiene un aroma dulce, ex\u00f3tico y floral que es uno de los m\u00e1s buscados<\/dd>\n<dt class=\"q9\">MEJORES MEZCLAS:<\/dt>\n<dd class=\"q10\">Bergamota, Pomelo, Lavanda, Neroli, Palisandro y S\u00e1ndalo<\/dd>\n<dt class=\"q11\">CONTENIDO:<\/dt>\n<dd class=\"q12\">15 Mililitros<\/dd>\n<dt class=\"q13\">BOTELLA:<\/dt>\n<dd class=\"q14\">Dise\u00f1adas y fabricadas en Holanda con vidrio biodegradable. Su color Violeta evita que el producto se da\u00f1e por los efectos da\u00f1inos del sol.<\/dd>\n<\/dl>\n<p><a href=\"https:\/\/zazilartesanal.com\/wp-content\/uploads\/2024\/08\/Zazil-A.Esencial-Ylang-Ylang.pdf\"\ndownload >  <\/p>\n<p><button type=\"button\" name=\"myButton\">Descarga la Ficha T\u00e9cnica<\/button>  <\/p>\n<style>\n\t\tbutton {\n\t\t\tcolor: #ffffff;\n\t\t\tbackground-color: #000000;\n\t\t\tfont-size: 14px;\n\t\t\tborder-radius: 1px;\n\t\t\tpadding: 8px 12px;\n\t\t\tcursor: pointer\n\t\t}\n\t\tbutton:hover {\n\t\t\tcolor: #000000;\n\t\t\tbackground-color: #e5e5e5;\n\t\t}\n\t<\/style>\n<p><\/a><br \/>\n&nbsp;<\/p>\n","protected":false},"featured_media":2295,"comment_status":"closed","ping_status":"closed","template":"","meta":[],"product_brand":[],"product_cat":[145,149],"product_tag":[],"class_list":{"0":"post-1905","1":"product","2":"type-product","3":"status-publish","4":"has-post-thumbnail","6":"product_cat-aceites-esenciales","7":"product_cat-aromaterapia","9":"first","10":"instock","11":"taxable","12":"shipping-taxable","13":"purchasable","14":"product-type-simple"},"_links":{"self":[{"href":"https:\/\/zazilartesanal.com\/es\/wp-json\/wp\/v2\/product\/1905","targetHints":{"allow":["GET"]}}],"collection":[{"href":"https:\/\/zazilartesanal.com\/es\/wp-json\/wp\/v2\/product"}],"about":[{"href":"https:\/\/zazilartesanal.com\/es\/wp-json\/wp\/v2\/types\/product"}],"replies":[{"embeddable":true,"href":"https:\/\/zazilartesanal.com\/es\/wp-json\/wp\/v2\/comments?post=1905"}],"wp:featuredmedia":[{"embeddable":true,"href":"https:\/\/zazilartesanal.com\/es\/wp-json\/wp\/v2\/media\/2295"}],"wp:attachment":[{"href":"https:\/\/zazilartesanal.com\/es\/wp-json\/wp\/v2\/media?parent=1905"}],"wp:term":[{"taxonomy":"product_brand","embeddable":true,"href":"https:\/\/zazilartesanal.com\/es\/wp-json\/wp\/v2\/product_brand?post=1905"},{"taxonomy":"product_cat","embeddable":true,"href":"https:\/\/zazilartesanal.com\/es\/wp-json\/wp\/v2\/product_cat?post=1905"},{"taxonomy":"product_tag","embeddable":true,"href":"https:\/\/zazilartesanal.com\/es\/wp-json\/wp\/v2\/product_tag?post=1905"}],"curies":[{"name":"wp","href":"https:\/\/api.w.org\/{rel}","templated":true}]}}