{"id":1898,"date":"2023-06-29T17:31:20","date_gmt":"2023-06-29T17:31:20","guid":{"rendered":"https:\/\/zazilartesanal.com\/?post_type=product&amp;p=1898"},"modified":"2023-06-29T17:31:20","modified_gmt":"2023-06-29T17:31:20","slug":"ancestral-100ml","status":"publish","type":"product","link":"https:\/\/zazilartesanal.com\/es\/product\/ancestral-100ml\/","title":{"rendered":"Ancestral 100ml"},"content":{"rendered":"","protected":false},"excerpt":{"rendered":"<div>\n<p class=\"wiwa\">En la antig\u00fcedad la unci\u00f3n con \u00f3leos o aceites corporales eran a la vez un rito religioso y cosm\u00e9tico. Las reinas del antiguo Egipto eran consideradas como diosas vivientes porque en realidad cada mujer por el hecho de serlo lleva dentro de s\u00ed la esencia de la diosa, del gran principio c\u00f3smico femenino. Untar el cuerpo de una mujer es untar el cuerpo de una reina o de una diosa, se requiere productos muy especiales de gran pureza y calidad. Este aceite corporal est\u00e1 b\u00e1sicamente elaborado con oleoresinas de Incienso y Mirra. La mujer que utilice este aceite se sentir\u00e1 como una reina, como una diosa, como lo que es. La fragancia maravillosa y ex\u00f3tica la llenar\u00e1 de una aureola de fascinaci\u00f3n y encanto.<\/p>\n<div class=\"wop\">\n<p class=\"designerStyleId\">C\u00f3digo Producto: <span class=\"bols\" style=\"font-weight: bold;\">2003-100<\/span><\/p>\n<\/div>\n<\/div>\n<dl class=\"p7\">\n<dt class=\"q1\">PAIS DE ORIGEN:<\/dt>\n<dd class=\"q2\">Diversos Pa\u00edses<\/dd>\n<dt class=\"q3\">ACEITE PORTADOR:<\/dt>\n<dd class=\"q4\">Mezcla de Aceite de Almendras de Espa\u00f1a, Jojoba de Israel y Germen de Trigo de Francia<\/dd>\n<dt class=\"q5\">METODO DE EXTRACCION PORTADORES:<\/dt>\n<dd class=\"q6\">Primera Presi\u00f3n en Fr\u00edo<\/dd>\n<dt class=\"q7\">ACEITES ESENCIALES:<\/dt>\n<dd class=\"q8\">Sinergia de: Cedro, HoWood, Jun\u00edpero, Naranja Amarga, Lavanda, Incienso, Cipr\u00e9s, Mirra y S\u00e1ndalo<\/dd>\n<dt class=\"q9\">AROMA:<\/dt>\n<dd class=\"q10\">Salida c\u00edtrica destacando la nota de la naranja amarga; cuerpo y fondo c\u00e1lido y ex\u00f3tico a base de la embriagadora fragancia de las oleoresinas de incienso y mirra, capaces de transportarnos en el espacio y el tiempo y hacer sentir a cada mujer la diosa que lleva dentro.<\/dd>\n<dt class=\"q11\">CONTENIDO:<\/dt>\n<dd class=\"q12\">100 Mililitros<\/dd>\n<dt class=\"q13\">BOTELLA:<\/dt>\n<dd class=\"q14\">Dise\u00f1adas y fabricadas en Holanda con vidrio biodegradable. Su color Violeta evita que el producto se da\u00f1e por los efectos da\u00f1inos del sol.<\/dd>\n<\/dl>\n<p><a href=\"https:\/\/zazilartesanal.com\/wp-content\/uploads\/2024\/08\/Zazil-AC-Ancestral.pdf\"\ndownload >  <\/p>\n<p><button type=\"button\" name=\"myButton\">Descarga la Ficha T\u00e9cnica<\/button>  <\/p>\n<style>\n\t\tbutton {\n\t\t\tcolor: #ffffff;\n\t\t\tbackground-color: #000000;\n\t\t\tfont-size: 14px;\n\t\t\tborder-radius: 1px;\n\t\t\tpadding: 8px 12px;\n\t\t\tcursor: pointer\n\t\t}\n\t\tbutton:hover {\n\t\t\tcolor: #000000;\n\t\t\tbackground-color: #e5e5e5;\n\t\t}\n\t<\/style>\n<p><\/a><br \/>\n&nbsp;<\/p>\n","protected":false},"featured_media":2238,"comment_status":"closed","ping_status":"closed","template":"","meta":[],"product_brand":[],"product_cat":[148,147],"product_tag":[],"class_list":{"0":"post-1898","1":"product","2":"type-product","3":"status-publish","4":"has-post-thumbnail","6":"product_cat-aceites-corporales-100ml","7":"product_cat-corporales","9":"first","10":"instock","11":"taxable","12":"shipping-taxable","13":"purchasable","14":"product-type-simple"},"_links":{"self":[{"href":"https:\/\/zazilartesanal.com\/es\/wp-json\/wp\/v2\/product\/1898","targetHints":{"allow":["GET"]}}],"collection":[{"href":"https:\/\/zazilartesanal.com\/es\/wp-json\/wp\/v2\/product"}],"about":[{"href":"https:\/\/zazilartesanal.com\/es\/wp-json\/wp\/v2\/types\/product"}],"replies":[{"embeddable":true,"href":"https:\/\/zazilartesanal.com\/es\/wp-json\/wp\/v2\/comments?post=1898"}],"wp:featuredmedia":[{"embeddable":true,"href":"https:\/\/zazilartesanal.com\/es\/wp-json\/wp\/v2\/media\/2238"}],"wp:attachment":[{"href":"https:\/\/zazilartesanal.com\/es\/wp-json\/wp\/v2\/media?parent=1898"}],"wp:term":[{"taxonomy":"product_brand","embeddable":true,"href":"https:\/\/zazilartesanal.com\/es\/wp-json\/wp\/v2\/product_brand?post=1898"},{"taxonomy":"product_cat","embeddable":true,"href":"https:\/\/zazilartesanal.com\/es\/wp-json\/wp\/v2\/product_cat?post=1898"},{"taxonomy":"product_tag","embeddable":true,"href":"https:\/\/zazilartesanal.com\/es\/wp-json\/wp\/v2\/product_tag?post=1898"}],"curies":[{"name":"wp","href":"https:\/\/api.w.org\/{rel}","templated":true}]}}