{"id":1894,"date":"2023-06-29T17:31:19","date_gmt":"2023-06-29T17:31:19","guid":{"rendered":"https:\/\/zazilartesanal.com\/?post_type=product&amp;p=1894"},"modified":"2023-06-29T17:31:19","modified_gmt":"2023-06-29T17:31:19","slug":"adelgazante-200ml","status":"publish","type":"product","link":"https:\/\/zazilartesanal.com\/es\/product\/adelgazante-200ml\/","title":{"rendered":"Adelgazante 200ml"},"content":{"rendered":"","protected":false},"excerpt":{"rendered":"<div>\n<p class=\"wiwa\">El Aceite Corporal Adelgazante es el producto ideal para combatir el exceso de volumen corporal, ejerciendo un efecto reductor y lipol\u00edtico, ayudando a estimular los tejidos.<br \/>\nMejora la micro circulaci\u00f3n y favorece los intercambios de renovaci\u00f3n celulares. Acci\u00f3n reductora, hidratante y tonificante. Los Aceites Vegetales m\u00e1s nobles y de la m\u00e1s alta calidad con la eficacia de los Aceites Esenciales m\u00e1s puros presentando el producto ideal para combatir el exceso de volumen corporal.<\/p>\n<div class=\"wop\">\n<p class=\"designerStyleId\">C\u00f3digo Producto: <span class=\"bols\" style=\"font-weight: bold;\">2001-200<\/span><\/p>\n<\/div>\n<\/div>\n<dl class=\"p7\">\n<dt class=\"q1\">PAIS DE ORIGEN:<\/dt>\n<dd class=\"q2\">Diversos Pa\u00edses<\/dd>\n<dt class=\"q3\">ACEITE PORTADOR:<\/dt>\n<dd class=\"q4\">Mezcla de Aceite de Almendras de Espa\u00f1a, Jojoba de Israel y Germen de Trigo de Francia<\/dd>\n<dt class=\"q5\">METODO DE EXTRACCION PORTADORES:<\/dt>\n<dd class=\"q6\">Primera Presi\u00f3n en Fr\u00edo<\/dd>\n<dt class=\"q7\">ACEITES ESENCIALES:<\/dt>\n<dd class=\"q8\">Sinergia de: Lavand\u00edn, Menta Japonesa, Gaulteria, Incienso, Mejorana y Romero<\/dd>\n<dt class=\"q9\">AROMA:<\/dt>\n<dd class=\"q10\">Salida c\u00edtrica-agreste a base de Lim\u00f3n y Lavand\u00edn con notas de Gaulteria; cuerpo medicinal floral con puro Romero de Marruecos y aceite esencial de Menta Japonesa y fondo de connotaci\u00f3n m\u00edstica que aporta la fragancia del Incienso<\/dd>\n<dt class=\"q11\">CONTENIDO:<\/dt>\n<dd class=\"q12\">200 Mililitros<\/dd>\n<dt class=\"q13\">BOTELLA:<\/dt>\n<dd class=\"q14\">Dise\u00f1adas y fabricadas en Holanda con vidrio biodegradable. Su color Violeta evita que el producto se da\u00f1e por los efectos da\u00f1inos del sol.<\/dd>\n<\/dl>\n<p><a href=\"https:\/\/zazilartesanal.com\/wp-content\/uploads\/2024\/08\/Zazil-AC-Adelgazante.pdf\"\ndownload >  <\/p>\n<p><button type=\"button\" name=\"myButton\">Descarga la Ficha T\u00e9cnica<\/button>  <\/p>\n<style>\n\t\tbutton {\n\t\t\tcolor: #ffffff;\n\t\t\tbackground-color: #000000;\n\t\t\tfont-size: 14px;\n\t\t\tborder-radius: 1px;\n\t\t\tpadding: 8px 12px;\n\t\t\tcursor: pointer\n\t\t}\n\t\tbutton:hover {\n\t\t\tcolor: #000000;\n\t\t\tbackground-color: #e5e5e5;\n\t\t}\n\t<\/style>\n<p><\/a><br \/>\n&nbsp;<\/p>\n","protected":false},"featured_media":1906,"comment_status":"closed","ping_status":"closed","template":"","meta":[],"product_brand":[],"product_cat":[146,147],"product_tag":[],"class_list":{"0":"post-1894","1":"product","2":"type-product","3":"status-publish","4":"has-post-thumbnail","6":"product_cat-aceites-corporales-200ml","7":"product_cat-corporales","9":"first","10":"instock","11":"taxable","12":"shipping-taxable","13":"purchasable","14":"product-type-simple"},"_links":{"self":[{"href":"https:\/\/zazilartesanal.com\/es\/wp-json\/wp\/v2\/product\/1894","targetHints":{"allow":["GET"]}}],"collection":[{"href":"https:\/\/zazilartesanal.com\/es\/wp-json\/wp\/v2\/product"}],"about":[{"href":"https:\/\/zazilartesanal.com\/es\/wp-json\/wp\/v2\/types\/product"}],"replies":[{"embeddable":true,"href":"https:\/\/zazilartesanal.com\/es\/wp-json\/wp\/v2\/comments?post=1894"}],"wp:featuredmedia":[{"embeddable":true,"href":"https:\/\/zazilartesanal.com\/es\/wp-json\/wp\/v2\/media\/1906"}],"wp:attachment":[{"href":"https:\/\/zazilartesanal.com\/es\/wp-json\/wp\/v2\/media?parent=1894"}],"wp:term":[{"taxonomy":"product_brand","embeddable":true,"href":"https:\/\/zazilartesanal.com\/es\/wp-json\/wp\/v2\/product_brand?post=1894"},{"taxonomy":"product_cat","embeddable":true,"href":"https:\/\/zazilartesanal.com\/es\/wp-json\/wp\/v2\/product_cat?post=1894"},{"taxonomy":"product_tag","embeddable":true,"href":"https:\/\/zazilartesanal.com\/es\/wp-json\/wp\/v2\/product_tag?post=1894"}],"curies":[{"name":"wp","href":"https:\/\/api.w.org\/{rel}","templated":true}]}}