{"id":532,"date":"2020-04-25T03:41:54","date_gmt":"2020-04-25T03:41:54","guid":{"rendered":"https:\/\/zazilartesanal.com\/?page_id=532"},"modified":"2020-04-25T03:41:54","modified_gmt":"2020-04-25T03:41:54","slug":"nosotros","status":"publish","type":"page","link":"https:\/\/zazilartesanal.com\/es\/nosotros\/","title":{"rendered":"Nosotros"},"content":{"rendered":"<p><section class=\"kc-elm kc-css-811242 kc_row\"><div class=\"kc-row-container  kc-container\"><div class=\"kc-wrap-columns\"><div class=\"kc-elm kc-css-485188 kc_col-sm-6 kc_column kc_col-sm-6\"><div class=\"kc-col-container\"><div class=\"kc-elm kc-css-322149\" style=\"height: 30px; clear: both; width:100%;\"><\/div>\n<div class=\"kc-elm kc-css-173194 kc-title-wrap \">\n\n\t<h1 class=\"kc_title\">Bienvenidos a Zazil Artesanal<\/h1>\n<\/div>\n<div class=\"kc-elm kc-css-880344 kc_text_block\"><\/p>\n<p><strong>Zazil<\/strong> es una palabra <strong>Maya<\/strong> que significa <em>Transparencia de Esp\u00edritu<\/em>, <em>Luz<\/em>, <em>Claridad<\/em> y <em>Brillantez<\/em>. As\u00ed mismo <strong>Zazil<\/strong> era el nombre de la princesa hija de <strong>Nachan Can<\/strong> quien fue cacique de <strong>Chactemal<\/strong> ahora conocido como <strong>Chetumal<\/strong>.<\/p>\n<p>\n<\/div><div class=\"kc-elm kc-css-916963 kc_text_block\"><\/p>\n<p>Usamos la palabra <strong>Artesanal<\/strong> ya que nuestros productos son elaborados a mano y reflejan un minucioso trabajo y una gran pasi\u00f3n. Utilizamos diversas <strong>T\u00e9cnicas Tradicionales de Producci\u00f3n<\/strong> que unimos con <strong>Tradiciones Ancestrales<\/strong> y un gran respeto por el medio ambiente.<\/p>\n<p>\n<\/div><div class=\"kc-elm kc-css-648157 kc_text_block\"><\/p>\n<p>Los ingredientes que utilizamos provienen tanto de <strong>M\u00e9xico<\/strong> como de diversas partes del mundo. Estamos convencidos que cada <em>flor<\/em>, <em>planta<\/em>, <em>\u00e1rbol<\/em>, <em>ra\u00edz<\/em>, <em>semilla<\/em> o <em>fruto<\/em> logra sus mejores caracter\u00edsticas en determinados pa\u00edses y regiones. Es por ello que reunimos en nuestro taller los mejores ingredientes que provienen de <strong>Europa<\/strong>, <strong>Asia<\/strong>, <strong>Am\u00e9rica<\/strong> y <strong>Africa<\/strong>.<\/p>\n<p>\n<\/div><div class=\"kc-elm kc-css-347226 kc_text_block\"><\/p>\n<p>Para ofrecer productos de <strong>Vanguardia<\/strong> con gran <strong>Lujo y Sofisticaci\u00f3n<\/strong>, utilizamos botellas de vidrio biodegradables fabricadas en <strong>Holanda<\/strong> con altos est\u00e1ndares de calidad. Para nuestras l\u00edneas de <strong>Jabones Artesanales<\/strong> y <strong>Shampoos S\u00f3lidos<\/strong>, utilizamos cajas de cart\u00f3n reciclado de muy alta calidad, impresas en m\u00e1quina y armadas de forma manual.<\/p>\n<p>\n<\/div><div class=\"kc-elm kc-css-555740 kc_text_block\"><\/p>\n<p>Nos especializamos en sofisticados <strong>Aceites Esenciales<\/strong> de alta concentraci\u00f3n, as\u00ed como <strong>Sinergias de Aceites Esenciales<\/strong>, <strong>Aceites<\/strong> <strong>Corporales<\/strong> y <strong>Aceites Portadores<\/strong> 100% puros, org\u00e1nicos y biodegradables.<\/p>\n<p>\n<\/div><div class=\"kc-elm kc-css-732341\" style=\"height: 30px; clear: both; width:100%;\"><\/div>\n<div class=\"kc-elm kc-css-78286 kc-title-wrap \">\n\n\t<h1 class=\"kc_title\">Zazil Artesanal es una marca creada para definir un nuevo Est\u00e1ndar de Lujo entre los amantes de los productos naturales y org\u00e1nicos.<\/h1>\n<\/div>\n<\/div><\/div><div class=\"kc-elm kc-css-78194 kc_col-sm-6 kc_column kc_col-sm-6\"><div class=\"kc-col-container\"><div class=\"kc-elm kc-css-871944\" style=\"height: 30px; clear: both; width:100%;\"><\/div><div class=\"kc-elm kc-css-104061 kc_shortcode kc_single_image\">\n\n        <img decoding=\"async\" src=\"https:\/\/zazilartesanal.com\/wp-content\/uploads\/2023\/07\/Zazil-BoConcept-Difusor-Sofia-1.jpg\" class=\"\" alt=\"\" \/>    <\/div>\n<\/div><\/div><\/div><\/div><\/section><section data-kc-fullwidth=\"content\" class=\"kc-elm kc-css-802171 kc_row\"><div class=\"kc-row-container\"><div class=\"kc-wrap-columns\"><div class=\"kc-elm kc-css-550259 kc_col-sm-3 kc_column kc_col-sm-3\"><div class=\"kc-col-container\">\n<div class=\"kc-elm kc-css-91671 kc_counter_box\">\n\t\t<span class=\"counterup\">100<\/span>\n\t<h4>Designer Brands<\/h4><\/div>\n<\/div><\/div><div class=\"kc-elm kc-css-877929 kc_col-sm-3 kc_column kc_col-sm-3\"><div class=\"kc-col-container\">\n<div class=\"kc-elm kc-css-371418 kc_counter_box\">\n\t\t<span class=\"counterup\">10000<\/span>\n\t<h4>Happy Clients<\/h4><\/div>\n<\/div><\/div><div class=\"kc-elm kc-css-626166 kc_col-sm-3 kc_column kc_col-sm-3\"><div class=\"kc-col-container\">\n<div class=\"kc-elm kc-css-95388 kc_counter_box\">\n\t\t<span class=\"counterup\">24<\/span>\n\t<h4>Lovetodress Stores<\/h4><\/div>\n<\/div><\/div><div class=\"kc-elm kc-css-183297 kc_col-sm-3 kc_column kc_col-sm-3\"><div class=\"kc-col-container\">\n<div class=\"kc-elm kc-css-743739 kc_counter_box\">\n\t\t<span class=\"counterup\">321<\/span>\n\t<h4>Lingerie Model<\/h4><\/div>\n<\/div><\/div><\/div><\/div><\/section><section class=\"kc-elm kc-css-168303 kc_row\"><div class=\"kc-row-container  kc-container\"><div class=\"kc-wrap-columns\"><div class=\"kc-elm kc-css-170132 kc_col-sm-12 kc_column kc_col-sm-12\"><div class=\"kc-col-container\">\n<div class=\"kc-elm kc-css-778517 kc-title-wrap \">\n\n\t<h1 class=\"kc_title\">Meet Our Team<\/h1>\n<\/div>\n<div class=\"kc-elm kc-css-576801 kc_text_block\"><\/p>\n<p>\nThe point of using Lorem Ipsum is that it has a more-or-less normal distribution of letters<\/p>\n<p>\n<\/div><\/div><\/div><\/div><\/div><\/section><section class=\"kc-elm kc-css-794461 kc_row\"><div class=\"kc-row-container  kc-container\"><div class=\"kc-wrap-columns\"><div class=\"kc-elm kc-css-261642 kc_col-sm-4 kc_column kc_col-sm-4\"><div class=\"kc-col-container\">\t<div class=\"kc-elm kc-css-15456 kft-team-member default colored\">\n\t\t<div class=\"image\">\n\t\t\t<div class=\"image-team\">\n\t\t\t\t<img loading=\"lazy\" decoding=\"async\" width=\"370\" height=\"350\" src=\"https:\/\/zazilartesanal.com\/wp-content\/uploads\/2018\/07\/testi1.jpg\" class=\"img\" alt=\"\" srcset=\"https:\/\/zazilartesanal.com\/wp-content\/uploads\/2018\/07\/testi1.jpg 370w, https:\/\/zazilartesanal.com\/wp-content\/uploads\/2018\/07\/testi1-300x284.jpg 300w, https:\/\/zazilartesanal.com\/wp-content\/uploads\/2018\/07\/testi1-13x12.jpg 13w\" sizes=\"auto, (max-width: 370px) 100vw, 370px\" \/>\t\t\t\t\t\t\t\t\t<div class=\"overlay\"><\/div>\n\t\t\t\t\t\t\t<\/div>\n\n\t\t\t\t\t\t\t<div class=\"on-thumbnail\">\n\t\t\t\t\t<h3><a class=\"name\" >Joyce<\/a><\/h3>\n\t\t\t\t\t<span class=\"job\">Ceo \/ Founder<\/span>\n\t\t\t\t\t<div class=\"socials\">\n\t\t\t\t\t\t<ul> <li><a class=\"facebook\" href=\"#\" target=\"_blank\"><i class=\"fa fa-facebook\"><\/i><\/a><\/li><li><a class=\"twitter\" href=\"#\" target=\"_blank\"><i class=\"fa fa-twitter\"><\/i><\/a><\/li><li><a class=\"instagram\" href=\"#\" target=\"_blank\"><i class=\"fa fa-instagram\"><\/i><\/a><\/li> <\/ul>\n\t\t\t\t\t<\/div>\n\t\t\t\t<\/div>\n\t\t\t\t\t<\/div>\n\n\t\t<div class=\"content-member\">\n\t\t\t\n\t\t\t<div class=\"excerpt\"><\/p>\n<p>\n<span style=\"color: #222222; font-family: renner, sans-serif; font-size: 15px;\">It is a long established fact that a reader will be distracted by the readable content of a page when looking at its layout.<\/span><\/p>\n<p><\/div>\n\t\t<\/div>\n\t<\/div>\n\n\t<\/div><\/div><div class=\"kc-elm kc-css-729634 kc_col-sm-4 kc_column kc_col-sm-4\"><div class=\"kc-col-container\">\t<div class=\"kc-elm kc-css-827472 kft-team-member default colored\">\n\t\t<div class=\"image\">\n\t\t\t<div class=\"image-team\">\n\t\t\t\t<img loading=\"lazy\" decoding=\"async\" width=\"370\" height=\"350\" src=\"https:\/\/zazilartesanal.com\/wp-content\/uploads\/2018\/07\/testi2.jpg\" class=\"img\" alt=\"\" srcset=\"https:\/\/zazilartesanal.com\/wp-content\/uploads\/2018\/07\/testi2.jpg 370w, https:\/\/zazilartesanal.com\/wp-content\/uploads\/2018\/07\/testi2-300x284.jpg 300w, https:\/\/zazilartesanal.com\/wp-content\/uploads\/2018\/07\/testi2-13x12.jpg 13w\" sizes=\"auto, (max-width: 370px) 100vw, 370px\" \/>\t\t\t\t\t\t\t\t\t<div class=\"overlay\"><\/div>\n\t\t\t\t\t\t\t<\/div>\n\n\t\t\t\t\t\t\t<div class=\"on-thumbnail\">\n\t\t\t\t\t<h3><a class=\"name\" >Revit<\/a><\/h3>\n\t\t\t\t\t<span class=\"job\">Developer<\/span>\n\t\t\t\t\t<div class=\"socials\">\n\t\t\t\t\t\t<ul> <li><a class=\"facebook\" href=\"#\" target=\"_blank\"><i class=\"fa fa-facebook\"><\/i><\/a><\/li><li><a class=\"rss\" href=\"#\" target=\"_blank\"><i class=\"fa fa-rss\"><\/i><\/a><\/li><li><a class=\"pinterest\" href=\"#\" target=\"_blank\"><i class=\"fa fa-pinterest-p\"><\/i><\/a><\/li> <\/ul>\n\t\t\t\t\t<\/div>\n\t\t\t\t<\/div>\n\t\t\t\t\t<\/div>\n\n\t\t<div class=\"content-member\">\n\t\t\t\n\t\t\t<div class=\"excerpt\"><\/p>\n<p>\n<span style=\"color: #222222; font-family: renner, sans-serif; font-size: 15px;\">It is a long established fact that a reader will be distracted by the readable content of a page when looking at its layout.<\/span><\/p>\n<p><\/div>\n\t\t<\/div>\n\t<\/div>\n\n\t<\/div><\/div><div class=\"kc-elm kc-css-334562 kc_col-sm-4 kc_column kc_col-sm-4\"><div class=\"kc-col-container\">\t<div class=\"kc-elm kc-css-41413 kft-team-member default colored\">\n\t\t<div class=\"image\">\n\t\t\t<div class=\"image-team\">\n\t\t\t\t<img loading=\"lazy\" decoding=\"async\" width=\"370\" height=\"350\" src=\"https:\/\/zazilartesanal.com\/wp-content\/uploads\/2018\/07\/testi3.jpg\" class=\"img\" alt=\"\" srcset=\"https:\/\/zazilartesanal.com\/wp-content\/uploads\/2018\/07\/testi3.jpg 370w, https:\/\/zazilartesanal.com\/wp-content\/uploads\/2018\/07\/testi3-300x284.jpg 300w, https:\/\/zazilartesanal.com\/wp-content\/uploads\/2018\/07\/testi3-13x12.jpg 13w\" sizes=\"auto, (max-width: 370px) 100vw, 370px\" \/>\t\t\t\t\t\t\t\t\t<div class=\"overlay\"><\/div>\n\t\t\t\t\t\t\t<\/div>\n\n\t\t\t\t\t\t\t<div class=\"on-thumbnail\">\n\t\t\t\t\t<h3><a class=\"name\" >Kindred<\/a><\/h3>\n\t\t\t\t\t<span class=\"job\">Designer<\/span>\n\t\t\t\t\t<div class=\"socials\">\n\t\t\t\t\t\t<ul> <li><a class=\"facebook\" href=\"#\" target=\"_blank\"><i class=\"fa fa-facebook\"><\/i><\/a><\/li><li><a class=\"twitter\" href=\"#\" target=\"_blank\"><i class=\"fa fa-twitter\"><\/i><\/a><\/li><li><a class=\"pinterest\" href=\"#\" target=\"_blank\"><i class=\"fa fa-pinterest-p\"><\/i><\/a><\/li> <\/ul>\n\t\t\t\t\t<\/div>\n\t\t\t\t<\/div>\n\t\t\t\t\t<\/div>\n\n\t\t<div class=\"content-member\">\n\t\t\t\n\t\t\t<div class=\"excerpt\"><\/p>\n<p>\n<span style=\"color: #222222; font-family: renner, sans-serif; font-size: 15px;\">It is a long established fact that a reader will be distracted by the readable content of a page when looking at its layout.<\/span><\/p>\n<p><\/div>\n\t\t<\/div>\n\t<\/div>\n\n\t<\/div><\/div><\/div><\/div><\/section><section class=\"kc-elm kc-css-631480 kc_row\"><div class=\"kc-row-container  kc-container\"><div class=\"kc-wrap-columns\"><div class=\"kc-elm kc-css-752753 kc_col-sm-12 kc_column kc_col-sm-12\"><div class=\"kc-col-container\"><\/div><\/div><\/div><\/div><\/section><section class=\"kc-elm kc-css-18278 kc_row\"><div class=\"kc-row-container  kc-container\"><div class=\"kc-wrap-columns\"><div class=\"kc-elm kc-css-359237 kc_col-sm-12 kc_column kc_col-sm-12\"><div class=\"kc-col-container\">\n<div class=\"kc-elm kc-css-685454 kc-title-wrap \">\n\n\t<h1 class=\"kc_title\">What Our Client Says<\/h1>\n<\/div>\n<div class=\"kc-elm kc-css-724130 kc_text_block\"><\/p>\n<p>\nThe point of using Lorem Ipsum is that it has a more-or-less normal distribution of letters<\/p>\n<p>\n<\/div><\/div><\/div><\/div><\/div><\/section><section class=\"kc-elm kc-css-967651 kc_row\"><div class=\"kc-row-container  kc-container\"><div class=\"kc-wrap-columns\"><div class=\"kc-elm kc-css-454487 kc_col-sm-12 kc_column kc_col-sm-12\"><div class=\"kc-col-container\">\t<div class=\"kft-testimonials-shortcode kc-elm kc-css-606230  layout-slider columns-1 style-default\" data-margin=30 data-nav=0 data-dots=0 data-autoplay=0 data-desksmini=1 data-tablet=1 data-tabletmini=1 data-mobile=1 data-mobilesmini=1 data-columns=1 data-slider=1>\n\t\t\t\t<div class=\"meta-slider\">\n\t\t\t<div class=\"testimonial\">\n\t\t\t\t\t<div class=\"kc-elm kc-css-939820  testimonial-item testimonial-image-center\">\n\t\t<div class=\"testimonial-wrapper\">\n\t\t\t<div class=\"avatar\" style=\"width: 100px\">\n\t\t\t\t<img loading=\"lazy\" decoding=\"async\" width=\"150\" height=\"150\" src=\"https:\/\/zazilartesanal.com\/wp-content\/uploads\/2018\/11\/vata-150x150.jpg\" class=\"img\" alt=\"\" srcset=\"https:\/\/zazilartesanal.com\/wp-content\/uploads\/2018\/11\/vata-150x150.jpg 150w, https:\/\/zazilartesanal.com\/wp-content\/uploads\/2018\/11\/vata-100x100.jpg 100w, https:\/\/zazilartesanal.com\/wp-content\/uploads\/2018\/11\/vata-550x550.jpg 550w, https:\/\/zazilartesanal.com\/wp-content\/uploads\/2018\/11\/vata-300x300.jpg 300w, https:\/\/zazilartesanal.com\/wp-content\/uploads\/2018\/11\/vata-12x12.jpg 12w, https:\/\/zazilartesanal.com\/wp-content\/uploads\/2018\/11\/vata.jpg 674w\" sizes=\"auto, (max-width: 150px) 100vw, 150px\" \/>\t\t\t<\/div>\n\t\t\t<div class=\"content\">\n\t\t\t\t<span class=\"excerpt\">\n\t\t\t\t\t<\/p>\n<p>\nIt is a long established fact that a reader will be distracted by the readable content of a page when looking at its layout.<\/p>\n<p>\t\t\t\t<\/span>\n\t\t\t\t<div class=\"name\">\n\t\t\t\t\tRivet\t\t\t\t\t\t\t\t\t\t\t<span class=\"company\">Customer<\/span>\n\t\t\t\t\t\t\t\t\t<\/div>\n\t\t\t<\/div>\n\t\t<\/div>\n\t<\/div>\n\t\t<div class=\"kc-elm kc-css-778867  testimonial-item testimonial-image-center\">\n\t\t<div class=\"testimonial-wrapper\">\n\t\t\t<div class=\"avatar\" style=\"width: 100px\">\n\t\t\t\t<img loading=\"lazy\" decoding=\"async\" width=\"150\" height=\"150\" src=\"https:\/\/zazilartesanal.com\/wp-content\/uploads\/2018\/03\/3-150x150.jpg\" class=\"img\" alt=\"\" srcset=\"https:\/\/zazilartesanal.com\/wp-content\/uploads\/2018\/03\/3-150x150.jpg 150w, https:\/\/zazilartesanal.com\/wp-content\/uploads\/2018\/03\/3-100x100.jpg 100w, https:\/\/zazilartesanal.com\/wp-content\/uploads\/2018\/03\/3-550x550.jpg 550w, https:\/\/zazilartesanal.com\/wp-content\/uploads\/2018\/03\/3-300x300.jpg 300w, https:\/\/zazilartesanal.com\/wp-content\/uploads\/2018\/03\/3-12x12.jpg 12w, https:\/\/zazilartesanal.com\/wp-content\/uploads\/2018\/03\/3.jpg 600w\" sizes=\"auto, (max-width: 150px) 100vw, 150px\" \/>\t\t\t<\/div>\n\t\t\t<div class=\"content\">\n\t\t\t\t<span class=\"excerpt\">\n\t\t\t\t\t<\/p>\n<p>\nIt is a long established fact that a reader will be distracted by the readable content of a page when looking at its layout.<\/p>\n<p>\t\t\t\t<\/span>\n\t\t\t\t<div class=\"name\">\n\t\t\t\t\tAkew Dreq\t\t\t\t\t\t\t\t\t\t\t<span class=\"company\">Customer<\/span>\n\t\t\t\t\t\t\t\t\t<\/div>\n\t\t\t<\/div>\n\t\t<\/div>\n\t<\/div>\n\t\t<div class=\"kc-elm kc-css-729372  testimonial-item testimonial-image-center\">\n\t\t<div class=\"testimonial-wrapper\">\n\t\t\t<div class=\"avatar\" style=\"width: 100px\">\n\t\t\t\t<img loading=\"lazy\" decoding=\"async\" width=\"150\" height=\"150\" src=\"https:\/\/zazilartesanal.com\/wp-content\/uploads\/2018\/03\/2-150x150.jpg\" class=\"img\" alt=\"\" srcset=\"https:\/\/zazilartesanal.com\/wp-content\/uploads\/2018\/03\/2-150x150.jpg 150w, https:\/\/zazilartesanal.com\/wp-content\/uploads\/2018\/03\/2-100x100.jpg 100w, https:\/\/zazilartesanal.com\/wp-content\/uploads\/2018\/03\/2-550x550.jpg 550w, https:\/\/zazilartesanal.com\/wp-content\/uploads\/2018\/03\/2-300x300.jpg 300w, https:\/\/zazilartesanal.com\/wp-content\/uploads\/2018\/03\/2-12x12.jpg 12w, https:\/\/zazilartesanal.com\/wp-content\/uploads\/2018\/03\/2.jpg 600w\" sizes=\"auto, (max-width: 150px) 100vw, 150px\" \/>\t\t\t<\/div>\n\t\t\t<div class=\"content\">\n\t\t\t\t<span class=\"excerpt\">\n\t\t\t\t\t<\/p>\n<p>\nIt is a long established fact that a reader will be distracted by the readable content of a page when looking at its layout.<\/p>\n<p>\t\t\t\t<\/span>\n\t\t\t\t<div class=\"name\">\n\t\t\t\t\tJson Fiago\t\t\t\t\t\t\t\t\t\t\t<span class=\"company\">Customer<\/span>\n\t\t\t\t\t\t\t\t\t<\/div>\n\t\t\t<\/div>\n\t\t<\/div>\n\t<\/div>\n\t\t\t\t<\/div>\n\t\t<\/div>\n\t<\/div>\n\t<\/div><\/div><\/div><\/div><\/section><\/p>\n","protected":false},"excerpt":{"rendered":"","protected":false},"author":1,"featured_media":0,"parent":0,"menu_order":0,"comment_status":"closed","ping_status":"closed","template":"","meta":{"footnotes":""},"class_list":["post-532","page","type-page","status-publish","hentry"],"_links":{"self":[{"href":"https:\/\/zazilartesanal.com\/es\/wp-json\/wp\/v2\/pages\/532","targetHints":{"allow":["GET"]}}],"collection":[{"href":"https:\/\/zazilartesanal.com\/es\/wp-json\/wp\/v2\/pages"}],"about":[{"href":"https:\/\/zazilartesanal.com\/es\/wp-json\/wp\/v2\/types\/page"}],"author":[{"embeddable":true,"href":"https:\/\/zazilartesanal.com\/es\/wp-json\/wp\/v2\/users\/1"}],"replies":[{"embeddable":true,"href":"https:\/\/zazilartesanal.com\/es\/wp-json\/wp\/v2\/comments?post=532"}],"version-history":[{"count":0,"href":"https:\/\/zazilartesanal.com\/es\/wp-json\/wp\/v2\/pages\/532\/revisions"}],"wp:attachment":[{"href":"https:\/\/zazilartesanal.com\/es\/wp-json\/wp\/v2\/media?parent=532"}],"curies":[{"name":"wp","href":"https:\/\/api.w.org\/{rel}","templated":true}]}}