{"id":2311,"date":"2024-08-08T03:16:24","date_gmt":"2024-08-08T03:16:24","guid":{"rendered":"https:\/\/zazilartesanal.com\/?post_type=product&amp;p=2311"},"modified":"2024-08-08T03:16:24","modified_gmt":"2024-08-08T03:16:24","slug":"arbol-de-te-15ml","status":"publish","type":"product","link":"https:\/\/zazilartesanal.com\/en\/product\/arbol-de-te-15ml\/","title":{"rendered":"Arbol de T\u00e9 15ml"},"content":{"rendered":"","protected":false},"excerpt":{"rendered":"<div>\n<p class=\"wiwa\">Las propiedades dermatol\u00f3gicas del Aceite Esencial del \u00c1rbol de T\u00e9 son conocidas desde hace siglos por los aborigenes, primeros pobladores de Australia. Este aceite esencial se obtiene por la destilaci\u00f3n al vapor de las hojas de un \u00e1rbol que se cr\u00eda solo en el norte de Australia llamado Melaleuca Alternifolia. Existen en Australia, muchos tipos de \u00c1rbol de T\u00e9 con propiedades medicinales, pero es la \u201cMelaleuca Alternifolia\u201d la que tiene m\u00e1s propiedades y mayor poder terap\u00e9utico. Esta variedad s\u00f3lo crece en la zona de Australia conocida como Nueva Gales del Sur (New South Wales) y especialmente cerca del r\u00edo Richmond. Este aceite puro es incoloro o a veces puede tener un p\u00e1lido color amarillento. Es una substancia extremadamente complicada que contiene m\u00e1s de 48 componentes org\u00e1nicos principales. El Aceite Esencial de Melaleuca alternifolia seg\u00fan los requerimientos del gobierno australiano debe contener m\u00e1s de un 30% de Terpeno-4 y no menos de un 15% de Cineol.<\/p>\n<div class=\"wop\">\n<p class=\"designerStyleId\">Product Code: <span class=\"bols\" style=\"font-weight: bold;\">4003-15<\/span><\/p>\n<\/div>\n<\/div>\n<dl class=\"p7\">\n<dt class=\"q1\">PAIS DE ORIGEN:<\/dt>\n<dd class=\"q2\">Australia<\/dd>\n<dt class=\"q3\">PARTE DE LA PLANTA:<\/dt>\n<dd class=\"q4\">Hojas Frescas<\/dd>\n<dt class=\"q5\">METODO DE EXTRACCION:<\/dt>\n<dd class=\"q6\">Destilaci\u00f3n al Vapor de las Hojas Frescas<\/dd>\n<dt class=\"q7\">AROMA:<\/dt>\n<dd class=\"q8\">Una nota media con un aroma medio. Tiene un aroma fresco y ligeramente medicinal con notas amaderadas y alcanforadas caracter\u00edsticas<\/dd>\n<dt class=\"q9\">MEJORES MEZCLAS:<\/dt>\n<dd class=\"q10\">Canela, Salvia, Clavo, Geranio, Lavanda, Lim\u00f3n, Mirra, Nuez Moscada, Palisandro, Romero, Tomillo, Lim\u00f3n, Neroli y Romero<\/p>\n<dd class=\"q12\">15 Mililitros<\/dd>\n<dt class=\"q13\">BOTELLA:<\/dt>\n<dd class=\"q14\">Dise\u00f1adas y fabricadas en Holanda con vidrio biodegradable. Su color Violeta evita que el producto se da\u00f1e por los efectos da\u00f1inos del sol.<\/dd>\n<\/dl>\n<p><a href=\"https:\/\/zazilartesanal.com\/wp-content\/uploads\/2024\/08\/Zazil-A.Esencial-Arbol-de-Te.pdf\"\ndownload>  <\/p>\n<p><button type=\"button\" name=\"myButton\">Descarga la Ficha T\u00e9cnica<\/button>  <\/p>\n<style>\n\t\tbutton {\n\t\t\tcolor: #ffffff;\n\t\t\tbackground-color: #000000;\n\t\t\tfont-size: 14px;\n\t\t\tborder-radius: 1px;\n\t\t\tpadding: 8px 12px;\n\t\t\tcursor: pointer\n\t\t}\n\t\tbutton:hover {\n\t\t\tcolor: #000000;\n\t\t\tbackground-color: #e5e5e5;\n\t\t}\n\t<\/style>\n<p><\/a><br \/>\n&nbsp;<\/p>","protected":false},"featured_media":2262,"comment_status":"closed","ping_status":"closed","template":"","meta":[],"product_brand":[],"product_cat":[145],"product_tag":[],"class_list":{"0":"post-2311","1":"product","2":"type-product","3":"status-publish","4":"has-post-thumbnail","6":"product_cat-aceites-esenciales","8":"first","9":"instock","10":"taxable","11":"shipping-taxable","12":"purchasable","13":"product-type-simple"},"_links":{"self":[{"href":"https:\/\/zazilartesanal.com\/en\/wp-json\/wp\/v2\/product\/2311","targetHints":{"allow":["GET"]}}],"collection":[{"href":"https:\/\/zazilartesanal.com\/en\/wp-json\/wp\/v2\/product"}],"about":[{"href":"https:\/\/zazilartesanal.com\/en\/wp-json\/wp\/v2\/types\/product"}],"replies":[{"embeddable":true,"href":"https:\/\/zazilartesanal.com\/en\/wp-json\/wp\/v2\/comments?post=2311"}],"wp:featuredmedia":[{"embeddable":true,"href":"https:\/\/zazilartesanal.com\/en\/wp-json\/wp\/v2\/media\/2262"}],"wp:attachment":[{"href":"https:\/\/zazilartesanal.com\/en\/wp-json\/wp\/v2\/media?parent=2311"}],"wp:term":[{"taxonomy":"product_brand","embeddable":true,"href":"https:\/\/zazilartesanal.com\/en\/wp-json\/wp\/v2\/product_brand?post=2311"},{"taxonomy":"product_cat","embeddable":true,"href":"https:\/\/zazilartesanal.com\/en\/wp-json\/wp\/v2\/product_cat?post=2311"},{"taxonomy":"product_tag","embeddable":true,"href":"https:\/\/zazilartesanal.com\/en\/wp-json\/wp\/v2\/product_tag?post=2311"}],"curies":[{"name":"wp","href":"https:\/\/api.w.org\/{rel}","templated":true}]}}